{"id":20160,"date":"2024-12-20T12:00:05","date_gmt":"2024-12-20T12:00:05","guid":{"rendered":"https:\/\/artzena.eu\/?post_type=product&#038;p=20160"},"modified":"2024-12-20T12:04:22","modified_gmt":"2024-12-20T12:04:22","slug":"sam-medical-itvaras-dubens-sriciai","status":"publish","type":"product","link":"https:\/\/artzena.eu\/lt\/product\/sam-medical-itvaras-dubens-sriciai\/","title":{"rendered":"SAM Medical \u012etvaras Dubens Sri\u010diai"},"content":{"rendered":"<p style=\"margin: 0cm; font-size: medium; font-family: Calibri, sans-serif;\">SAM\u00ae tai yra dubens\u00a0\u012ftvaras, kuris d\u0117l optimalios vientisos konstrukcijos saugiai ir veiksmingai stabilizuoja atvirus dubens l\u016b\u017eius.<\/p>\n<p style=\"margin: 0cm; font-size: medium; font-family: Calibri, sans-serif;\">Patentuota SAM\u00ae AUTOSTOP sagtis apsaugo nuo per didelio ar per ma\u017eo SAM\u00ae dubens dir\u017eo \u012ftempimo. Pasiekus optimali\u0105 suspaudimo j\u0117g\u0105, \u012fsijungia du danteliai, kurie paspaud\u017eia ir patvirtina, kad dir\u017eas u\u017ed\u0117tas teisingai. \u012etvaras tvirtinamas vietoje Velcro\u00ae sistemos dir\u017eeliu.<\/p>\n<p style=\"margin: 0cm; font-size: medium; font-family: Calibri, sans-serif;\">SAM\u00ae dubens \u012ftvaras sukurtas taip, kad b\u016bt\u0173 maksimaliai patogus, atlaikyt\u0173 ekstremali\u0105 temperat\u016br\u0105 arba kiet\u0173 ar a\u0161tri\u0173 daikt\u0173 poveik\u012f ir i\u0161likt\u0173 patogus ilg\u0105 laik\u0105. Standartinis dydis tinka 95 % suaugusi\u0173j\u0173.<\/p>\n<p>&nbsp;<\/p>\n<p><iframe title=\"SAM\u00ae Pelvic Sling Training | Single Person Application | SAM Medical\" width=\"525\" height=\"295\" src=\"https:\/\/www.youtube.com\/embed\/aFJgs4N4it8?feature=oembed\" frameborder=\"0\" allow=\"accelerometer; autoplay; clipboard-write; encrypted-media; gyroscope; picture-in-picture; web-share\" referrerpolicy=\"strict-origin-when-cross-origin\" allowfullscreen><\/iframe><\/p>\n","protected":false},"excerpt":{"rendered":"[embed]https:\/\/youtu.be\/-DB0CrKI4Es?si=PItMcVqJpBt7dgXE[\/embed]\n","protected":false},"featured_media":20161,"template":"","meta":{"_acf_changed":false},"product_brand":[],"product_cat":[64,82],"product_tag":[],"class_list":{"0":"post-20160","1":"product","2":"type-product","3":"status-publish","4":"has-post-thumbnail","6":"product_cat-kariuomene","7":"product_cat-pagalbines-gydymo-priemones-lt","9":"first","10":"instock","11":"shipping-taxable","12":"product-type-simple"},"acf":[],"_links":{"self":[{"href":"https:\/\/artzena.eu\/lt\/wp-json\/wp\/v2\/product\/20160","targetHints":{"allow":["GET"]}}],"collection":[{"href":"https:\/\/artzena.eu\/lt\/wp-json\/wp\/v2\/product"}],"about":[{"href":"https:\/\/artzena.eu\/lt\/wp-json\/wp\/v2\/types\/product"}],"wp:featuredmedia":[{"embeddable":true,"href":"https:\/\/artzena.eu\/lt\/wp-json\/wp\/v2\/media\/20161"}],"wp:attachment":[{"href":"https:\/\/artzena.eu\/lt\/wp-json\/wp\/v2\/media?parent=20160"}],"wp:term":[{"taxonomy":"product_brand","embeddable":true,"href":"https:\/\/artzena.eu\/lt\/wp-json\/wp\/v2\/product_brand?post=20160"},{"taxonomy":"product_cat","embeddable":true,"href":"https:\/\/artzena.eu\/lt\/wp-json\/wp\/v2\/product_cat?post=20160"},{"taxonomy":"product_tag","embeddable":true,"href":"https:\/\/artzena.eu\/lt\/wp-json\/wp\/v2\/product_tag?post=20160"}],"curies":[{"name":"wp","href":"https:\/\/api.w.org\/{rel}","templated":true}]}}