{"id":20170,"date":"2024-12-20T11:28:35","date_gmt":"2024-12-20T11:28:35","guid":{"rendered":"https:\/\/artzena.eu\/?post_type=product&#038;p=20170"},"modified":"2024-12-20T11:28:35","modified_gmt":"2024-12-20T11:28:35","slug":"sam-xt-turniketas","status":"publish","type":"product","link":"https:\/\/artzena.eu\/lt\/product\/sam-xt-turniketas\/","title":{"rendered":"SAM XT Turniketas"},"content":{"rendered":"<p style=\"margin: 0cm; font-size: medium; font-family: Calibri, sans-serif;\">Sukurta greitam naudojimui, naujovi\u0161ka SAM XT konstrukcija leid\u017eia suma\u017einti suktuvo apsukim\u0173 skai\u010di\u0173, palyginti su tradiciniais turniketais, tod\u0117l gamin\u012f galima lengviau ir grei\u010diau apmokyti bei naudoti intuityviai.<\/p>\n<p style=\"margin: 0cm; font-size: medium; font-family: Calibri, sans-serif;\">Pagrindin\u0117 nes\u0117kmingo turniketo u\u017ed\u0117jimo prie\u017eastis &#8211; atsipalaidavimas. SAM XT TRUFORCE\u2122 sagties technologija automati\u0161kai u\u017esifiksuoja esant i\u0161 anksto nustatytai apylankos j\u0117gai, tod\u0117l pa\u0161alinamas beveik visas turniketo laisvumas.<\/p>\n<p>&nbsp;<\/p>\n<p><iframe title=\"SAM XT Training | High &amp; Tight Application | SAM Medical\" width=\"525\" height=\"295\" src=\"https:\/\/www.youtube.com\/embed\/VukQZ5_gONQ?feature=oembed\" frameborder=\"0\" allow=\"accelerometer; autoplay; clipboard-write; encrypted-media; gyroscope; picture-in-picture; web-share\" referrerpolicy=\"strict-origin-when-cross-origin\" allowfullscreen><\/iframe><\/p>\n","protected":false},"excerpt":{"rendered":"<p>SAM XT600 EXTREMITY Turniket\u0105 rekomenduoja JAV Gynybos departamento Taktin\u0117s kovos su\u017eeist\u0173j\u0173 prie\u017ei\u016bros komitetas (CoTCCC).<\/p>\n","protected":false},"featured_media":20171,"template":"","meta":{"_acf_changed":false},"product_brand":[],"product_cat":[65,64,66],"product_tag":[],"class_list":{"0":"post-20170","1":"product","2":"type-product","3":"status-publish","4":"has-post-thumbnail","6":"product_cat-civiliai","7":"product_cat-kariuomene","8":"product_cat-turniketai","10":"first","11":"instock","12":"shipping-taxable","13":"product-type-simple"},"acf":[],"_links":{"self":[{"href":"https:\/\/artzena.eu\/lt\/wp-json\/wp\/v2\/product\/20170","targetHints":{"allow":["GET"]}}],"collection":[{"href":"https:\/\/artzena.eu\/lt\/wp-json\/wp\/v2\/product"}],"about":[{"href":"https:\/\/artzena.eu\/lt\/wp-json\/wp\/v2\/types\/product"}],"wp:featuredmedia":[{"embeddable":true,"href":"https:\/\/artzena.eu\/lt\/wp-json\/wp\/v2\/media\/20171"}],"wp:attachment":[{"href":"https:\/\/artzena.eu\/lt\/wp-json\/wp\/v2\/media?parent=20170"}],"wp:term":[{"taxonomy":"product_brand","embeddable":true,"href":"https:\/\/artzena.eu\/lt\/wp-json\/wp\/v2\/product_brand?post=20170"},{"taxonomy":"product_cat","embeddable":true,"href":"https:\/\/artzena.eu\/lt\/wp-json\/wp\/v2\/product_cat?post=20170"},{"taxonomy":"product_tag","embeddable":true,"href":"https:\/\/artzena.eu\/lt\/wp-json\/wp\/v2\/product_tag?post=20170"}],"curies":[{"name":"wp","href":"https:\/\/api.w.org\/{rel}","templated":true}]}}