{"id":20178,"date":"2024-12-20T11:26:04","date_gmt":"2024-12-20T11:26:04","guid":{"rendered":"https:\/\/artzena.eu\/?post_type=product&#038;p=20178"},"modified":"2024-12-20T11:26:38","modified_gmt":"2024-12-20T11:26:38","slug":"sam-okliuzinis-krutines-tvarstis","status":"publish","type":"product","link":"https:\/\/artzena.eu\/lt\/product\/sam-okliuzinis-krutines-tvarstis\/","title":{"rendered":"SAM Okliuzinis Kr\u016btin\u0117s Tvarstis"},"content":{"rendered":"<p style=\"margin: 0cm; font-size: medium; font-family: Calibri, sans-serif;\">SAM okliuzinis tvarstis\u00a0be vo\u017etuvo, skirtas atviroms kr\u016btin\u0117s l\u0105stos \u017eaizdoms, kelian\u010dioms gr\u0117sm\u0119 gyvybei ir galin\u010dioms sukelti \u012ftampos\u00a0pneumotoraks\u0105.<\/p>\n<p style=\"margin: 0cm; font-size: medium; font-family: Calibri, sans-serif;\">SAM tvars\u010dio privalumai:<\/p>\n<ul style=\"font-weight: 400;\">\n<li style=\"font-size: medium; font-family: Calibri, sans-serif;\">Savaime priglundantis hidrogelinis tvarstis<\/li>\n<li style=\"font-size: medium; font-family: Calibri, sans-serif;\">Klijai\u00a0pakankamai stiprus, kad\u00a0tvarstis\u00a0prilipt\u0173 prie odos esant prakaitui, kraujui, plaukams, sm\u0117liui ar vandeniui.<\/li>\n<li style=\"font-size: medium; font-family: Calibri, sans-serif;\">Hidrogeliniai klijai taip pat leid\u017eia pakartotinai u\u017esandarinti, tod\u0117l idealiai tinka ventiliacijai<\/li>\n<li style=\"font-size: medium; font-family: Calibri, sans-serif;\">Be latekso<\/li>\n<li style=\"font-size: medium; font-family: Calibri, sans-serif;\">Atitinka CoTCCC pageidaujamas savybes.<\/li>\n<\/ul>\n","protected":false},"excerpt":{"rendered":"<p><a href=\"https:\/\/artzena.eu\/wp-content\/uploads\/2024\/08\/chest-seal.pdf\" target=\"_blank\" rel=\"noopener\">Produkto specifikacijos dokumentas<\/a><\/p>\n","protected":false},"featured_media":20181,"template":"","meta":{"_acf_changed":false},"product_brand":[],"product_cat":[65,64,71],"product_tag":[],"class_list":{"0":"post-20178","1":"product","2":"type-product","3":"status-publish","4":"has-post-thumbnail","6":"product_cat-civiliai","7":"product_cat-kariuomene","8":"product_cat-kvepavimas","10":"first","11":"instock","12":"shipping-taxable","13":"product-type-simple"},"acf":[],"_links":{"self":[{"href":"https:\/\/artzena.eu\/lt\/wp-json\/wp\/v2\/product\/20178","targetHints":{"allow":["GET"]}}],"collection":[{"href":"https:\/\/artzena.eu\/lt\/wp-json\/wp\/v2\/product"}],"about":[{"href":"https:\/\/artzena.eu\/lt\/wp-json\/wp\/v2\/types\/product"}],"wp:featuredmedia":[{"embeddable":true,"href":"https:\/\/artzena.eu\/lt\/wp-json\/wp\/v2\/media\/20181"}],"wp:attachment":[{"href":"https:\/\/artzena.eu\/lt\/wp-json\/wp\/v2\/media?parent=20178"}],"wp:term":[{"taxonomy":"product_brand","embeddable":true,"href":"https:\/\/artzena.eu\/lt\/wp-json\/wp\/v2\/product_brand?post=20178"},{"taxonomy":"product_cat","embeddable":true,"href":"https:\/\/artzena.eu\/lt\/wp-json\/wp\/v2\/product_cat?post=20178"},{"taxonomy":"product_tag","embeddable":true,"href":"https:\/\/artzena.eu\/lt\/wp-json\/wp\/v2\/product_tag?post=20178"}],"curies":[{"name":"wp","href":"https:\/\/api.w.org\/{rel}","templated":true}]}}