{"id":20186,"date":"2024-12-20T11:24:02","date_gmt":"2024-12-20T11:24:02","guid":{"rendered":"https:\/\/artzena.eu\/?post_type=product&#038;p=20186"},"modified":"2025-07-23T10:59:04","modified_gmt":"2025-07-23T10:59:04","slug":"sam-krutines-tvarstis-su-voztuvais","status":"publish","type":"product","link":"https:\/\/artzena.eu\/lt\/product\/sam-krutines-tvarstis-su-voztuvais\/","title":{"rendered":"SAM Kr\u016btin\u0117s Tvarstis Su Vo\u017etuvais"},"content":{"rendered":"<p style=\"margin: 0cm; font-size: medium; font-family: Calibri, sans-serif;\">SAM okliuzinis tvarstis\u00a0su vo\u017etuvu, skirtas atviroms kr\u016btin\u0117s l\u0105stos \u017eaizdoms, kelian\u010dioms gr\u0117sm\u0119 gyvybei ir galin\u010dioms sukelti \u012ftampos\u00a0pneumotoraks\u0105.<\/p>\n<p style=\"margin: 0cm; font-size: medium; font-family: Calibri, sans-serif;\">SAM\u00ae tvarstis turi vienpus\u012f vo\u017etuv\u0105, kuris leid\u017eia oro sraut\u0105 i\u0161 kr\u016btin\u0117s ertm\u0117s ir kartu neleid\u017eia jam patekti \u012f vid\u0173. Jo patentuota konstrukcija taip pat suma\u017eina vidin\u0119 kli\u016bt\u012f d\u0117l kraujo kre\u0161uli\u0173 ar mink\u0161t\u0173j\u0173 audini\u0173. Nu\u0117mus dangtel\u012f atidengiamas vo\u017etuvas, o u\u017ed\u0117jus dangtel\u012f, vienpusio vo\u017etuvo veikimas sustabdomas.<\/p>\n<p style=\"margin: 0cm; font-size: medium; font-family: Calibri, sans-serif;\">SAM tvars\u010dio privalumai:<\/p>\n<ul style=\"font-weight: 400;\">\n<li>Savaime priglundantis hidrogelinis tvarstis<\/li>\n<li>Klijai\u00a0pakankamai stiprus, kad\u00a0tvarstis\u00a0prilipt\u0173 prie odos esant prakaitui, kraujui, plaukams, sm\u0117liui ar vandeniui.<\/li>\n<li>Hidrogeliniai klijai taip pat leid\u017eia pakartotinai u\u017esandarinti, tod\u0117l idealiai tinka ventiliacijai<\/li>\n<li>Be latekso<\/li>\n<li>Atitinka CoTCCC pageidaujamas savybes.<\/li>\n<\/ul>\n<p><iframe title=\"SAM\u00ae Chest Seal | SAM Medical #MoreThanSurvival\" width=\"525\" height=\"295\" src=\"https:\/\/www.youtube.com\/embed\/H4RRmzjrsB0?feature=oembed\" frameborder=\"0\" allow=\"accelerometer; autoplay; clipboard-write; encrypted-media; gyroscope; picture-in-picture; web-share\" referrerpolicy=\"strict-origin-when-cross-origin\" allowfullscreen><\/iframe><\/p>\n","protected":false},"excerpt":{"rendered":"<p><a href=\"https:\/\/artzena.eu\/wp-content\/uploads\/2024\/08\/chest-seal.pdf\" target=\"_blank\" rel=\"noopener\">Produkto specifikacijos dokumentas<\/a><\/p>\n","protected":false},"featured_media":20841,"template":"","meta":{"_acf_changed":false},"product_brand":[],"product_cat":[65,64,71],"product_tag":[],"class_list":{"0":"post-20186","1":"product","2":"type-product","3":"status-publish","4":"has-post-thumbnail","6":"product_cat-civiliai","7":"product_cat-kariuomene","8":"product_cat-kvepavimas","10":"first","11":"instock","12":"shipping-taxable","13":"product-type-simple"},"acf":[],"_links":{"self":[{"href":"https:\/\/artzena.eu\/lt\/wp-json\/wp\/v2\/product\/20186","targetHints":{"allow":["GET"]}}],"collection":[{"href":"https:\/\/artzena.eu\/lt\/wp-json\/wp\/v2\/product"}],"about":[{"href":"https:\/\/artzena.eu\/lt\/wp-json\/wp\/v2\/types\/product"}],"wp:featuredmedia":[{"embeddable":true,"href":"https:\/\/artzena.eu\/lt\/wp-json\/wp\/v2\/media\/20841"}],"wp:attachment":[{"href":"https:\/\/artzena.eu\/lt\/wp-json\/wp\/v2\/media?parent=20186"}],"wp:term":[{"taxonomy":"product_brand","embeddable":true,"href":"https:\/\/artzena.eu\/lt\/wp-json\/wp\/v2\/product_brand?post=20186"},{"taxonomy":"product_cat","embeddable":true,"href":"https:\/\/artzena.eu\/lt\/wp-json\/wp\/v2\/product_cat?post=20186"},{"taxonomy":"product_tag","embeddable":true,"href":"https:\/\/artzena.eu\/lt\/wp-json\/wp\/v2\/product_tag?post=20186"}],"curies":[{"name":"wp","href":"https:\/\/api.w.org\/{rel}","templated":true}]}}