{"id":20192,"date":"2024-10-31T09:15:08","date_gmt":"2024-10-31T09:14:55","guid":{"rendered":"https:\/\/artzena.eu\/?post_type=product&#038;p=20192"},"modified":"2025-03-17T09:09:53","modified_gmt":"2025-03-17T09:09:53","slug":"eolife-x","status":"publish","type":"product","link":"https:\/\/artzena.eu\/lt\/product\/eolife-x\/","title":{"rendered":"EOlife X"},"content":{"rendered":"<p style=\"margin: 0cm; font-size: medium; font-family: Calibri, sans-serif;\">Efektyvi ir tinkama ventiliacija yra labai svarbi gaivinimo dalis. EOlife X- tai CPR rankinis ventiliacijos mokymo prietaisas, kuris moko pirm\u0105j\u0105 pagalb\u0105 teikian\u010dius asmenis tinkamai valdyti kv\u0117pavimo takus ir gerai ventiliuoti, nepriklausomai nuo naudotojo patirties lygio ir paciento.<\/p>\n<p style=\"margin: 0cm; font-size: medium; font-family: Calibri, sans-serif;\">EOlife X suteikia greitosios pagalbos darbuotojams gr\u012f\u017etam\u0105j\u012f ry\u0161\u012f apie kauk\u0117s oro nuot\u0117k\u012f, o jo stulpelin\u0117 diagrama realiuoju laiku rodo \u012fkv\u0117pt\u0105 ir i\u0161kv\u0117pt\u0105 oro kiek\u012f, mokydama pagalbos teik\u0117jus, kaip:<\/p>\n<ul style=\"font-weight: 400;\">\n<li>efektyviau u\u017ed\u0117ti ir u\u017esandarinti kauk\u0119<\/li>\n<li>teisingai naudoti \u017eandikaulio tempimo manevr\u0105, kad i\u0161vengt\u0173 oro insufliacijos \u012f skrand\u012f<\/li>\n<li>s\u0117kmingai intubuoti<\/li>\n<li>Prietaisas naudoja Europos gaivinimo tarybos (ERC) ir Amerikos \u0161irdies asociacijos (AHA) rekomendacijomis pagr\u012fstus algoritmus, padedan\u010dius tiekti tinkam\u0105 deguonies kiek\u012f ir laikytis tinkamo ventiliacijos da\u017enio, kad b\u016bt\u0173 i\u0161vengta hiperventiliacijos.<\/li>\n<\/ul>\n<p style=\"margin: 0cm; font-size: medium; font-family: Calibri, sans-serif;\">D\u0117l EOlife X regimojo gr\u012f\u017etamojo ry\u0161io rankin\u0117s ventiliacijos kokyb\u0117 pager\u0117ja 70 % ir de\u0161imteriopai suma\u017e\u0117ja hiperventiliacijos rizika.<\/p>\n<p style=\"margin: 0cm; font-size: medium; font-family: Calibri, sans-serif;\">EOlife X privalumai:<\/p>\n<ul style=\"font-weight: 400;\">\n<li>Pritaisas rietaisas \u012fra\u0161o ir \u012fvertina ventiliacijos parametrus rankin\u0117s ventiliacijos metu.<\/li>\n<li>Prietaisas leid\u017eia matuoti ir analizuoti ventiliacijos parametrus ir palaiko ventiliacijos pagalb\u0105 per gaivinimo nurodymus. Ventiliacijos pabaigoje sukuriama statistin\u0117 ataskaita, o ventiliacijos duomenis galima \u012fra\u0161yti ir eksportuoti.<\/li>\n<li>FlowSense X &#8211; didelio tikslumo skaitmeninis jutiklis, kur\u012f galima lengvai pakeisti ir kurio nereikia kalibruoti.<\/li>\n<\/ul>\n<p><iframe title=\"EOlife X\u00ae - Training video\" width=\"525\" height=\"295\" src=\"https:\/\/www.youtube.com\/embed\/o3qwGO2JcS4?feature=oembed\" frameborder=\"0\" allow=\"accelerometer; autoplay; clipboard-write; encrypted-media; gyroscope; picture-in-picture; web-share\" referrerpolicy=\"strict-origin-when-cross-origin\" allowfullscreen><\/iframe><\/p>\n<p><iframe title=\"Hyperventilation during CPR\" width=\"525\" height=\"295\" src=\"https:\/\/www.youtube.com\/embed\/MBUndQOrcaQ?start=1&#038;feature=oembed\" frameborder=\"0\" allow=\"accelerometer; autoplay; clipboard-write; encrypted-media; gyroscope; picture-in-picture; web-share\" referrerpolicy=\"strict-origin-when-cross-origin\" allowfullscreen><\/iframe><\/p>\n","protected":false},"excerpt":{"rendered":"<p><a href=\"https:\/\/www.archeon-medical.com\/media\/Brochures\/Archeon-brochureEolife-ver2-US_low.pdf\" target=\"_blank\" rel=\"noopener\">Produkto specifikacijos dokumentas<\/a><\/p>\n[embed]https:\/\/youtu.be\/PUEtkkFEjfI?si=oFd5JhB1IBL3dy9w[\/embed]\n","protected":false},"featured_media":20193,"template":"","meta":{"_acf_changed":false},"product_brand":[],"product_cat":[71],"product_tag":[],"class_list":{"0":"post-20192","1":"product","2":"type-product","3":"status-publish","4":"has-post-thumbnail","6":"product_cat-kvepavimas","8":"first","9":"instock","10":"shipping-taxable","11":"product-type-simple"},"acf":[],"_links":{"self":[{"href":"https:\/\/artzena.eu\/lt\/wp-json\/wp\/v2\/product\/20192","targetHints":{"allow":["GET"]}}],"collection":[{"href":"https:\/\/artzena.eu\/lt\/wp-json\/wp\/v2\/product"}],"about":[{"href":"https:\/\/artzena.eu\/lt\/wp-json\/wp\/v2\/types\/product"}],"wp:featuredmedia":[{"embeddable":true,"href":"https:\/\/artzena.eu\/lt\/wp-json\/wp\/v2\/media\/20193"}],"wp:attachment":[{"href":"https:\/\/artzena.eu\/lt\/wp-json\/wp\/v2\/media?parent=20192"}],"wp:term":[{"taxonomy":"product_brand","embeddable":true,"href":"https:\/\/artzena.eu\/lt\/wp-json\/wp\/v2\/product_brand?post=20192"},{"taxonomy":"product_cat","embeddable":true,"href":"https:\/\/artzena.eu\/lt\/wp-json\/wp\/v2\/product_cat?post=20192"},{"taxonomy":"product_tag","embeddable":true,"href":"https:\/\/artzena.eu\/lt\/wp-json\/wp\/v2\/product_tag?post=20192"}],"curies":[{"name":"wp","href":"https:\/\/api.w.org\/{rel}","templated":true}]}}