{"id":20278,"date":"2024-11-04T12:18:57","date_gmt":"2024-11-04T12:18:57","guid":{"rendered":"https:\/\/artzena.eu\/?post_type=product&#038;p=20278"},"modified":"2025-08-28T07:09:35","modified_gmt":"2025-08-28T07:09:35","slug":"sich-ifak-papildymo-rinkinys","status":"publish","type":"product","link":"https:\/\/artzena.eu\/lt\/product\/sich-ifak-papildymo-rinkinys\/","title":{"rendered":"SICH IFAK Papildymo rinkinys"},"content":{"rendered":"<p style=\"font-weight: 400;\">Rinkinio sud\u0117tis:<\/p>\n<ol style=\"font-weight: 400;\">\n<li>Turniketas \u201cSICH\u201d \u2013 1 vnt.<\/li>\n<li>Okliuzinis kr\u016btin\u0117s tvarstis \u201cFoxseal\u201d\u00a0<strong>be vo\u017etuv\u0173<\/strong>\u00a0(2 vnt. rinkinys) \u2013 1 vnt.<\/li>\n<li>Elastinis Spaud\u017eiamasis Izraelieti\u0161kas Tvarstis &#8211; FCP02 \u2013 1 vnt. (15c<\/li>\n<li>Tvarstis tamponavimui be hemostatin\u0117s med\u017eiagos \u2013 2 vnt.<\/li>\n<li>NasoSafe nazofaringinis vamzdelis su Optilube lubrikantu\u00a05g\u00a0\u2013 1 vnt.<\/li>\n<li>Trikamp\u0117 med\u017eiagin\u0117 skarel\u0117 (Juoda) \u2013 1 vnt.<\/li>\n<li>\u00a0Termoizoliacin\u0117 antklod\u0117 sidabrin\u0117-\u017ealia\u00a0\u00a0\u2013 1 vnt.<\/li>\n<li>Dekompresin\u0117 adata TPAK 14G \u2013 1 vnt.<\/li>\n<li>Juodas permanentinis\u00a0\u017eymeklis\u00a0\u2013 1 vnt.<\/li>\n<li>\u0160ilkinis vyniojamas ir pl\u0117\u0161omas pleistras\u00a0\u2013 1 vnt.\u00a0(5cm x 914\u00a0cm)<\/li>\n<li>Mini Armuota Lipni Juosta \u2013 1 vnt.\u00a0(254cm x 5cm)<\/li>\n<li>Akies dangtelis\u00a0\u00a0\u2013 1 vnt.<\/li>\n<li>Juodos\u00a0ma\u017eos\u00a0taktin\u0117s \u017eirkl\u0117s \u201ePiranha\u201c \u2013 1 vnt.<\/li>\n<li>\u00a0Juodos nitrilin\u0117s pir\u0161tin\u0117s \u2013 4 vnt.<\/li>\n<li>\u00a0Alkoholin\u0117s antiseptin\u0117s servet\u0117l\u0117s \u2013 2 vnt.<\/li>\n<li>TCCC nukent\u0117jusiojo kortel\u0117 \u2013 1 vnt.<\/li>\n<\/ol>\n<p style=\"font-weight: 400;\">Pastaba:<\/p>\n<p style=\"font-weight: 400;\">Prie rinkinio rekomenduojame \u012fsigyti tvarst\u012f su hemostatine med\u017eiaga \u201dChitoGauze\u00ae XR Pro\u201d<\/p>\n<p style=\"font-weight: 400;\"><a href=\"https:\/\/artzena.lt\/lt\/turniketai-tvarsciai-ir-kraujavima-stabdancios-hemostatines-medziagos\/15-tvarstis-kraujavimui-stabdyti-chitogauze-xr-pro.html\">https:\/\/artzena.lt\/lt\/turniketai-tvarsciai-ir-kraujavima-stabdancios-hemostatines-medziagos\/15-tvarstis-kraujavimui-stabdyti-chitogauze-xr-pro.html<\/a><\/p>\n<p style=\"font-weight: 400;\">\n","protected":false},"excerpt":{"rendered":"<p>Rinkinio sud\u0117tis: Turniketas \u201cSICH\u201d \u2013 1 vnt. Okliuzinis kr\u016btin\u0117s tvarstis \u201cFoxseal\u201d\u00a0be vo\u017etuv\u0173\u00a0(2 vnt. rinkinys) \u2013 1 vnt. Elastinis Spaud\u017eiamasis Izraelieti\u0161kas Tvarstis &#8211; FCP02 \u2013 1 vnt. (15c Tvarstis tamponavimui be hemostatin\u0117s med\u017eiagos \u2013 2 vnt. NasoSafe nazofaringinis vamzdelis su Optilube lubrikantu\u00a05g\u00a0\u2013 1 vnt. Trikamp\u0117 med\u017eiagin\u0117 skarel\u0117 (Juoda) \u2013 1 vnt. \u00a0Termoizoliacin\u0117 antklod\u0117 sidabrin\u0117-\u017ealia\u00a0\u00a0\u2013 1 vnt. [&hellip;]<\/p>\n","protected":false},"featured_media":20614,"template":"","meta":{"_acf_changed":false},"product_brand":[],"product_cat":[69],"product_tag":[],"class_list":{"0":"post-20278","1":"product","2":"type-product","3":"status-publish","4":"has-post-thumbnail","6":"product_cat-pirmosios-pagalbos-rinkiniai","8":"first","9":"instock","10":"shipping-taxable","11":"product-type-simple"},"acf":[],"_links":{"self":[{"href":"https:\/\/artzena.eu\/lt\/wp-json\/wp\/v2\/product\/20278","targetHints":{"allow":["GET"]}}],"collection":[{"href":"https:\/\/artzena.eu\/lt\/wp-json\/wp\/v2\/product"}],"about":[{"href":"https:\/\/artzena.eu\/lt\/wp-json\/wp\/v2\/types\/product"}],"wp:featuredmedia":[{"embeddable":true,"href":"https:\/\/artzena.eu\/lt\/wp-json\/wp\/v2\/media\/20614"}],"wp:attachment":[{"href":"https:\/\/artzena.eu\/lt\/wp-json\/wp\/v2\/media?parent=20278"}],"wp:term":[{"taxonomy":"product_brand","embeddable":true,"href":"https:\/\/artzena.eu\/lt\/wp-json\/wp\/v2\/product_brand?post=20278"},{"taxonomy":"product_cat","embeddable":true,"href":"https:\/\/artzena.eu\/lt\/wp-json\/wp\/v2\/product_cat?post=20278"},{"taxonomy":"product_tag","embeddable":true,"href":"https:\/\/artzena.eu\/lt\/wp-json\/wp\/v2\/product_tag?post=20278"}],"curies":[{"name":"wp","href":"https:\/\/api.w.org\/{rel}","templated":true}]}}