{"id":20279,"date":"2024-11-04T12:19:48","date_gmt":"2024-11-04T12:19:48","guid":{"rendered":"https:\/\/artzena.eu\/?post_type=product&#038;p=20279"},"modified":"2025-08-28T07:07:00","modified_gmt":"2025-08-28T07:07:00","slug":"c-a-t-ifak-papildymo-rinkinys","status":"publish","type":"product","link":"https:\/\/artzena.eu\/lt\/product\/c-a-t-ifak-papildymo-rinkinys\/","title":{"rendered":"C-A-T IFAK Papildymo rinkinys"},"content":{"rendered":"<p style=\"font-weight: 400;\">IFAK (angl. Joint Individual First Aid Kit) \u2013 tai individualus pirmosios pagalbos rinkinys. Rinkinyje yra CoTCCC komiteto rekomenduojamos\u00a0priemon\u0117s, padedan\u010dios kuo grei\u010diau\u00a0ir efektyviau\u00a0sutvarkyti potencialiai mirtinus su\u017eeidimus. Rinkinyje yra esmin\u0117s medicinin\u0117s priemon\u0117s, reikalingos gyvybei gelb\u0117ti kritin\u0117se situacijose: spaud\u017eiamosios tvarstymo priemon\u0117s, turniketai, hemostatiniai tvars\u010diai ir kiti b\u016btini \u012frankiai\u00a0kraujavimo\u00a0stabdymui bei gyvybei palaikyti.<\/p>\n<p style=\"font-weight: 400;\">Rinkinio sud\u0117tis:<\/p>\n<ol style=\"font-weight: 400;\">\n<li>Turniketas \u201cCAT Gen 7 \u201d \u2013 1 vnt.<\/li>\n<li>Okliuzinis kr\u016btin\u0117s \u017eaizd\u0173 tvarstis Foxseal <strong>be<\/strong>\u00a0<strong>vo\u017etuv\u0173\u00a0<\/strong>\u2013 dviguba pakuot\u0117 (2 vnt. rinkinys) \u2013 1 vnt.<\/li>\n<li>Elastinis Spaud\u017eiamasis Izraelieti\u0161kas Tvarstis &#8211; FCP02 \u2013 1 vnt. (15cm)<\/li>\n<li>Tvarstis tamponavimui be hemostatin\u0117s med\u017eiagos \u2013 2 vnt.<\/li>\n<li>NasoSafe\u00a0nazofaringinis vamzdelis su Optilube lubrikantu\u00a05g\u2013 1 vnt.<\/li>\n<li>Trikamp\u0117 med\u017eiagin\u0117 skarel\u0117 (Juoda) \u2013 1 vnt.<\/li>\n<li>Termoizoliacin\u0117 antklod\u0117 sidabrin\u0117-\u017ealia\u00a0\u00a0\u2013 1 vnt.<\/li>\n<li>Dekompresin\u0117 adata TPAK 14G \u2013 1 vnt.<\/li>\n<li>Juodas permanentinis\u00a0\u017eymeklis\u2013 1 vnt.<\/li>\n<li>\u0160ilkinis vyniojamas ir pl\u0117\u0161omas pleistras\u2013 1 vnt.(5cm x 914\u00a0cm)<\/li>\n<li>Mini Armuota Lipni Juosta \u2013 1 vnt.(254cm x 5cm)<\/li>\n<li>Akies dangtelis\u00a0\u00a0\u2013 1 vnt.<\/li>\n<li>Juodos\u00a0ma\u017eos\u00a0taktin\u0117s \u017eirkl\u0117s \u201ePiranha\u201c \u2013 1 vnt.<\/li>\n<li>Juodos nitrilin\u0117s pir\u0161tin\u0117s \u2013 4 vnt<\/li>\n<li>Alkoholin\u0117s antiseptin\u0117s servet\u0117l\u0117s \u2013 2 vnt..<\/li>\n<li>TCCC nukent\u0117jusiojo kortel\u0117 \u2013 1 vnt.<\/li>\n<\/ol>\n<p style=\"font-weight: 400;\">Pastaba:<\/p>\n<p style=\"font-weight: 400;\">Prie rinkinio rekomenduojame \u012fsigyti tvarst\u012f su hemostatine med\u017eiaga &#8220;QuikClot Combat Gauze&#8221;\u00a0<a href=\"https:\/\/artzena.lt\/lt\/produktai\/166-hemostatinis-tvarstis-.html\">https:\/\/artzena.lt\/lt\/produktai\/166-hemostatinis-tvarstis-.html<\/a><\/p>\n","protected":false},"excerpt":{"rendered":"<p>IFAK (angl. Joint Individual First Aid Kit) \u2013 tai individualus pirmosios pagalbos rinkinys. Rinkinyje yra CoTCCC komiteto rekomenduojamos\u00a0priemon\u0117s, padedan\u010dios kuo grei\u010diau\u00a0ir efektyviau\u00a0sutvarkyti potencialiai mirtinus su\u017eeidimus. Rinkinyje yra esmin\u0117s medicinin\u0117s priemon\u0117s, reikalingos gyvybei gelb\u0117ti kritin\u0117se situacijose: spaud\u017eiamosios tvarstymo priemon\u0117s, turniketai, hemostatiniai tvars\u010diai ir kiti b\u016btini \u012frankiai\u00a0kraujavimo\u00a0stabdymui bei gyvybei palaikyti. Rinkinio sud\u0117tis: Turniketas \u201cCAT Gen 7 \u201d [&hellip;]<\/p>\n","protected":false},"featured_media":20672,"template":"","meta":{"_acf_changed":false},"product_brand":[],"product_cat":[69],"product_tag":[],"class_list":{"0":"post-20279","1":"product","2":"type-product","3":"status-publish","4":"has-post-thumbnail","6":"product_cat-pirmosios-pagalbos-rinkiniai","8":"first","9":"instock","10":"shipping-taxable","11":"product-type-simple"},"acf":[],"_links":{"self":[{"href":"https:\/\/artzena.eu\/lt\/wp-json\/wp\/v2\/product\/20279","targetHints":{"allow":["GET"]}}],"collection":[{"href":"https:\/\/artzena.eu\/lt\/wp-json\/wp\/v2\/product"}],"about":[{"href":"https:\/\/artzena.eu\/lt\/wp-json\/wp\/v2\/types\/product"}],"wp:featuredmedia":[{"embeddable":true,"href":"https:\/\/artzena.eu\/lt\/wp-json\/wp\/v2\/media\/20672"}],"wp:attachment":[{"href":"https:\/\/artzena.eu\/lt\/wp-json\/wp\/v2\/media?parent=20279"}],"wp:term":[{"taxonomy":"product_brand","embeddable":true,"href":"https:\/\/artzena.eu\/lt\/wp-json\/wp\/v2\/product_brand?post=20279"},{"taxonomy":"product_cat","embeddable":true,"href":"https:\/\/artzena.eu\/lt\/wp-json\/wp\/v2\/product_cat?post=20279"},{"taxonomy":"product_tag","embeddable":true,"href":"https:\/\/artzena.eu\/lt\/wp-json\/wp\/v2\/product_tag?post=20279"}],"curies":[{"name":"wp","href":"https:\/\/api.w.org\/{rel}","templated":true}]}}