{"id":20303,"date":"2024-11-06T08:39:30","date_gmt":"2024-11-06T08:39:30","guid":{"rendered":"https:\/\/artzena.eu\/?post_type=product&#038;p=20303"},"modified":"2025-03-13T09:29:39","modified_gmt":"2025-03-13T09:29:39","slug":"termokonteineris-m12dce","status":"publish","type":"product","link":"https:\/\/artzena.eu\/lt\/product\/termokonteineris-m12dce\/","title":{"rendered":"Stream Defence Termokonteineris M12DCe"},"content":{"rendered":"<p>M12DCe ne\u0161iojamasis tvirtas termokonteineris, kuris puikiai tinka mobilioms operacijoms, kai tiekiamas kraujas. I\u0161imamame \u0161aldymo kameros krep\u0161elyje telpa 12 x 250 ml kraujo mai\u0161eli\u0173 arba lygiaver\u010diai mai\u0161eliai.<\/p>\n<ul>\n<li>Tvirtas korpusas, skirtas naudoti taktin\u0117je aplinkoje.<\/li>\n<li>Ma\u017eai pastebimas matin\u0117s juodos spalvos<\/li>\n<li>i\u0161orinis ekranas, rodantis temperat\u016br\u0105 ir baterijos b\u016bkl\u0119<\/li>\n<li>SD kortel\u0117s lizdas standartiniams CSV failams \u012fra\u0161yti<\/li>\n<li>ataskaitas galima lengvai rengti naudojant \u201eStream VISI\u201c programin\u0119 \u012frang\u0105 (Windows \/ Android)<\/li>\n<li>Talpina iki 12 250 ml kraujo mai\u0161eli\u0173<\/li>\n<li>Svoris 16,5 kg<\/li>\n<li>Au\u0161inimas: 7,4 l talpa<\/li>\n<li>Dydis: 585 mm plotis x 361 mm gylis x 238 mm auk\u0161tis<\/li>\n<li>Maitinimas: 12 V, 24 V, 28 V transporto priemon\u0117s arba orlaivio maitinimas, &lt;10 A<\/li>\n<li>Temperat\u016bra: 4\u00b0C iki 46\u00b0C<\/li>\n<\/ul>\n","protected":false},"excerpt":{"rendered":"<p><span style=\"color: #ff0000;\"><a style=\"color: #ff0000;\" href=\"https:\/\/artzena.eu\/wp-content\/uploads\/2024\/11\/CoolBoxM12DCe-LT.pdf\" target=\"_blank\" rel=\"noopener\">Produkto specifikacijos dokumentas<\/a><\/span><\/p>\n","protected":false},"featured_media":20323,"template":"","meta":{"_acf_changed":false},"product_brand":[],"product_cat":[95],"product_tag":[],"class_list":{"0":"post-20303","1":"product","2":"type-product","3":"status-publish","4":"has-post-thumbnail","6":"product_cat-termokonteineriai","8":"first","9":"instock","10":"shipping-taxable","11":"product-type-simple"},"acf":[],"_links":{"self":[{"href":"https:\/\/artzena.eu\/lt\/wp-json\/wp\/v2\/product\/20303","targetHints":{"allow":["GET"]}}],"collection":[{"href":"https:\/\/artzena.eu\/lt\/wp-json\/wp\/v2\/product"}],"about":[{"href":"https:\/\/artzena.eu\/lt\/wp-json\/wp\/v2\/types\/product"}],"wp:featuredmedia":[{"embeddable":true,"href":"https:\/\/artzena.eu\/lt\/wp-json\/wp\/v2\/media\/20323"}],"wp:attachment":[{"href":"https:\/\/artzena.eu\/lt\/wp-json\/wp\/v2\/media?parent=20303"}],"wp:term":[{"taxonomy":"product_brand","embeddable":true,"href":"https:\/\/artzena.eu\/lt\/wp-json\/wp\/v2\/product_brand?post=20303"},{"taxonomy":"product_cat","embeddable":true,"href":"https:\/\/artzena.eu\/lt\/wp-json\/wp\/v2\/product_cat?post=20303"},{"taxonomy":"product_tag","embeddable":true,"href":"https:\/\/artzena.eu\/lt\/wp-json\/wp\/v2\/product_tag?post=20303"}],"curies":[{"name":"wp","href":"https:\/\/api.w.org\/{rel}","templated":true}]}}