{"id":20306,"date":"2024-11-06T08:53:25","date_gmt":"2024-11-06T08:53:25","guid":{"rendered":"https:\/\/artzena.eu\/?post_type=product&#038;p=20306"},"modified":"2025-03-13T09:28:23","modified_gmt":"2025-03-13T09:28:23","slug":"termokonteineris-m16dce","status":"publish","type":"product","link":"https:\/\/artzena.eu\/lt\/product\/termokonteineris-m16dce\/","title":{"rendered":"Stream Defence Termokonteineris M16DCe"},"content":{"rendered":"<p>Termokonteineris M16DCe yra dviej\u0173 skyri\u0173 su dvigubu valdymu. Idealiai tinka ma\u017eesn\u0117ms mobiliosioms fronto linijoms. Kiekvienoje \u0161aldymo kameroje yra po vien\u0105 i\u0161imam\u0105 krep\u0161\u012f, kuriame telpa iki 12 x 250 ml kraujo mai\u0161eli\u0173.\u00a0Jis turi i\u0161orin\u012f ekran\u0105, kuriame rodoma temperat\u016bra ir baterijos b\u016bkl\u0117, ir SD kortel\u0117s lizd\u0105 duomenims \u012fra\u0161yti naudojant \u201eVisi\u201c programin\u0119 \u012frang\u0105.<\/p>\n<ul>\n<li>Svoris 31,5 kg<\/li>\n<li>Dydis: 800 mm x 540 mm x 320 mm auk\u0161tis<\/li>\n<li>Maitinimas: 12, 24 arba 28 V transporto priemon\u0117s arba orlaivio maitinimo \u0161altinis, &lt;10 A.<\/li>\n<li>Au\u0161inimas: 2 x 7 litr\u0173 talpos<\/li>\n<li>Temperat\u016bra: 4\u00b0C iki 46\u00b0C<\/li>\n<\/ul>\n","protected":false},"excerpt":{"rendered":"<p><span style=\"color: #ff0000;\"><a style=\"color: #ff0000;\" href=\"https:\/\/artzena.eu\/wp-content\/uploads\/2024\/11\/hkLkiq-CoolBoxM16DCe.pdf\" target=\"_blank\" rel=\"noopener\">Produkto specifikacijos dokumentas<\/a><\/span><\/p>\n","protected":false},"featured_media":20341,"template":"","meta":{"_acf_changed":false},"product_brand":[],"product_cat":[95],"product_tag":[],"class_list":{"0":"post-20306","1":"product","2":"type-product","3":"status-publish","4":"has-post-thumbnail","6":"product_cat-termokonteineriai","8":"first","9":"instock","10":"shipping-taxable","11":"product-type-simple"},"acf":[],"_links":{"self":[{"href":"https:\/\/artzena.eu\/lt\/wp-json\/wp\/v2\/product\/20306","targetHints":{"allow":["GET"]}}],"collection":[{"href":"https:\/\/artzena.eu\/lt\/wp-json\/wp\/v2\/product"}],"about":[{"href":"https:\/\/artzena.eu\/lt\/wp-json\/wp\/v2\/types\/product"}],"wp:featuredmedia":[{"embeddable":true,"href":"https:\/\/artzena.eu\/lt\/wp-json\/wp\/v2\/media\/20341"}],"wp:attachment":[{"href":"https:\/\/artzena.eu\/lt\/wp-json\/wp\/v2\/media?parent=20306"}],"wp:term":[{"taxonomy":"product_brand","embeddable":true,"href":"https:\/\/artzena.eu\/lt\/wp-json\/wp\/v2\/product_brand?post=20306"},{"taxonomy":"product_cat","embeddable":true,"href":"https:\/\/artzena.eu\/lt\/wp-json\/wp\/v2\/product_cat?post=20306"},{"taxonomy":"product_tag","embeddable":true,"href":"https:\/\/artzena.eu\/lt\/wp-json\/wp\/v2\/product_tag?post=20306"}],"curies":[{"name":"wp","href":"https:\/\/api.w.org\/{rel}","templated":true}]}}