{"id":20309,"date":"2024-11-06T09:00:27","date_gmt":"2024-11-06T09:00:27","guid":{"rendered":"https:\/\/artzena.eu\/?post_type=product&#038;p=20309"},"modified":"2025-03-13T09:24:22","modified_gmt":"2025-03-13T09:24:22","slug":"termokinteineris-m29dce","status":"publish","type":"product","link":"https:\/\/artzena.eu\/lt\/product\/termokinteineris-m29dce\/","title":{"rendered":"Stream Defence Termokinteineris M29DCe"},"content":{"rendered":"<p>M29DCe termokinteineris idealiai tinka medicinos padaliniams, greitai dislokuojamiems kritin\u0117s traumatologin\u0117s pagalbos padaliniams ir padaliniams, kuriems reikia transportuoti ir laikyti kraujo ir vaist\u0173 atsargas.\u00a0Jis \u012fmontuotas \u012f tvirt\u0105 juod\u0105 korpus\u0105 ir turi i\u0161orin\u012f ekran\u0105, kuriame rodoma temperat\u016bra ir baterijos b\u016bkl\u0117. I\u0161 \u201eStream VISI\u201c programin\u0117s \u012frangos galima si\u0173sti PDF ataskaitas, kuriose rodoma temperat\u016bros istorija, naudojant SD kortel\u0117s duomenis.<\/p>\n<p>Akumuliatoriumi ir elektros energija maitinamas 24 litr\u0173 talpos at\u0161aldytas kraujo ar vaist\u0173 transportavimo ir saugojimo \u012frenginys. Palyginti su M12DCe, kadangi \u012frenginys yra didesnis ir izoliacija didesn\u0117, padid\u0117ja akumuliatoriaus i\u0161tverm\u0117.<\/p>\n<ul>\n<li>Ma\u017eai pastebimas matin\u0117s juodos spalvos<\/li>\n<li>I\u0161orinis temperat\u016bros ir akumuliatoriaus ekranas<\/li>\n<li>SD kortel\u0117s lizdas standartiniams CSV failams \u012fra\u0161yti<\/li>\n<li>ataskaitos, generuojamos naudojant \u201eStream VISI\u201c programin\u0119 \u012frang\u0105 (Windows \/ Android)<\/li>\n<li>Svoris 24,5 kg<\/li>\n<li>Temperat\u016bra: 4 \u00b0C iki 46 \u00b0C<\/li>\n<li>Au\u0161inimas: 24 litr\u0173 talpa<\/li>\n<li>Dydis: 816 mm x 540 mm x 320 mm<\/li>\n<\/ul>\n","protected":false},"excerpt":{"rendered":"<p><span style=\"color: #ff0000;\"><a style=\"color: #ff0000;\" href=\"https:\/\/artzena.eu\/wp-content\/uploads\/2024\/11\/CoolBoxM29DCe-LT.pdf\" target=\"_blank\" rel=\"noopener\">Produkto specifikacijos dokumentas<\/a><\/span><\/p>\n","protected":false},"featured_media":20347,"template":"","meta":{"_acf_changed":false},"product_brand":[],"product_cat":[95],"product_tag":[],"class_list":{"0":"post-20309","1":"product","2":"type-product","3":"status-publish","4":"has-post-thumbnail","6":"product_cat-termokonteineriai","8":"first","9":"instock","10":"shipping-taxable","11":"product-type-simple"},"acf":[],"_links":{"self":[{"href":"https:\/\/artzena.eu\/lt\/wp-json\/wp\/v2\/product\/20309","targetHints":{"allow":["GET"]}}],"collection":[{"href":"https:\/\/artzena.eu\/lt\/wp-json\/wp\/v2\/product"}],"about":[{"href":"https:\/\/artzena.eu\/lt\/wp-json\/wp\/v2\/types\/product"}],"wp:featuredmedia":[{"embeddable":true,"href":"https:\/\/artzena.eu\/lt\/wp-json\/wp\/v2\/media\/20347"}],"wp:attachment":[{"href":"https:\/\/artzena.eu\/lt\/wp-json\/wp\/v2\/media?parent=20309"}],"wp:term":[{"taxonomy":"product_brand","embeddable":true,"href":"https:\/\/artzena.eu\/lt\/wp-json\/wp\/v2\/product_brand?post=20309"},{"taxonomy":"product_cat","embeddable":true,"href":"https:\/\/artzena.eu\/lt\/wp-json\/wp\/v2\/product_cat?post=20309"},{"taxonomy":"product_tag","embeddable":true,"href":"https:\/\/artzena.eu\/lt\/wp-json\/wp\/v2\/product_tag?post=20309"}],"curies":[{"name":"wp","href":"https:\/\/api.w.org\/{rel}","templated":true}]}}