{"id":20312,"date":"2024-11-06T09:05:54","date_gmt":"2024-11-06T09:05:54","guid":{"rendered":"https:\/\/artzena.eu\/?post_type=product&#038;p=20312"},"modified":"2025-03-13T09:23:26","modified_gmt":"2025-03-13T09:23:26","slug":"termokinteineris-m45dce","status":"publish","type":"product","link":"https:\/\/artzena.eu\/lt\/product\/termokinteineris-m45dce\/","title":{"rendered":"Stream Defence Termokinteineris M45DCe"},"content":{"rendered":"<p>M45DCe termokinteineris idealiai tinka medicinos daliniams, greitai dislokuojamiems kritin\u0117s traumatologin\u0117s pagalbos padaliniams, kuriems reikia transportuoti ir saugoti kraujo ir vaist\u0173 atsargas.\u00a0Jis yra juodos spalvos, turi i\u0161orin\u012f ekran\u0105, kuriame rodoma temperat\u016bra ir baterijos b\u016bkl\u0117, ir SD kortel\u0117s lizd\u0105 duomenims \u012fra\u0161yti naudojant \u201eVisi\u201c programin\u0119 \u012frang\u0105.<\/p>\n<ul>\n<li>Svoris 34,3 kg<\/li>\n<li>Au\u0161inimas: 45 litr\u0173 talpa<\/li>\n<li>Dydis: 816 mm x 540 mm x 426 mm auk\u0161tis<\/li>\n<li>Maitinimas: 12, 24 arba 28 V transporto priemon\u0117s arba orlaivio maitinimo \u0161altinis, &lt;10 A<\/li>\n<\/ul>\n","protected":false},"excerpt":{"rendered":"<p><span style=\"color: #ff0000;\"><a style=\"color: #ff0000;\" href=\"https:\/\/artzena.eu\/wp-content\/uploads\/2024\/11\/CoolBoxM45DCe.pdf\" target=\"_blank\" rel=\"noopener\">Produkto specifikacijos dokumentas<\/a><\/span><\/p>\n","protected":false},"featured_media":20350,"template":"","meta":{"_acf_changed":false},"product_brand":[],"product_cat":[95],"product_tag":[],"class_list":{"0":"post-20312","1":"product","2":"type-product","3":"status-publish","4":"has-post-thumbnail","6":"product_cat-termokonteineriai","8":"first","9":"instock","10":"shipping-taxable","11":"product-type-simple"},"acf":[],"_links":{"self":[{"href":"https:\/\/artzena.eu\/lt\/wp-json\/wp\/v2\/product\/20312","targetHints":{"allow":["GET"]}}],"collection":[{"href":"https:\/\/artzena.eu\/lt\/wp-json\/wp\/v2\/product"}],"about":[{"href":"https:\/\/artzena.eu\/lt\/wp-json\/wp\/v2\/types\/product"}],"wp:featuredmedia":[{"embeddable":true,"href":"https:\/\/artzena.eu\/lt\/wp-json\/wp\/v2\/media\/20350"}],"wp:attachment":[{"href":"https:\/\/artzena.eu\/lt\/wp-json\/wp\/v2\/media?parent=20312"}],"wp:term":[{"taxonomy":"product_brand","embeddable":true,"href":"https:\/\/artzena.eu\/lt\/wp-json\/wp\/v2\/product_brand?post=20312"},{"taxonomy":"product_cat","embeddable":true,"href":"https:\/\/artzena.eu\/lt\/wp-json\/wp\/v2\/product_cat?post=20312"},{"taxonomy":"product_tag","embeddable":true,"href":"https:\/\/artzena.eu\/lt\/wp-json\/wp\/v2\/product_tag?post=20312"}],"curies":[{"name":"wp","href":"https:\/\/api.w.org\/{rel}","templated":true}]}}