{"id":20540,"date":"2024-12-18T09:09:15","date_gmt":"2024-12-18T09:09:15","guid":{"rendered":"https:\/\/artzena.eu\/?post_type=product&#038;p=20540"},"modified":"2025-05-29T09:40:59","modified_gmt":"2025-05-29T09:40:59","slug":"cosinuss-c-med-alfa","status":"publish","type":"product","link":"https:\/\/artzena.eu\/lt\/product\/cosinuss-c-med-alfa\/","title":{"rendered":"Cosinuss C-Med\u00b0 Alpha"},"content":{"rendered":"<p style=\"font-weight: 400;\"><strong>C-MED\u00b0 ALPHA<\/strong>\u00a0\u2013 tai\u00a0<strong>naujovi\u0161kas medicinos prietaisas<\/strong>, kuris nuolat matuoja tris pagrindinius gyvybinius parametrus:\u00a0<strong>arterin\u012f deguonies \u012fsotinim\u0105 (SpO2), k\u016bno temperat\u016br\u0105 ir \u0161irdies ritm\u0105<\/strong>. Be to, jis pateikia\u00a0<strong>PPG kreiv\u0119, perfuzijos indeks\u0105 ir kokyb\u0117s rodikl\u012f<\/strong>, leid\u017eiant\u012f \u012fvertinti matavim\u0173 tikslum\u0105.<\/p>\n<p style=\"font-weight: 400;\">Jutiklis \u012ftaisomas\u00a0<strong>i\u0161orin\u0117je ausies landoje<\/strong>, tod\u0117l matuoja gyvybinius po\u017eymius itin arti smegen\u0173. Tokia matavimo vieta leid\u017eia gauti\u00a0<strong>patikimus rodmenis net esant \u0161altam orui ar prastai pir\u0161t\u0173 perfuzijai<\/strong>\u00a0bei suteikia papildomos informacijos apie\u00a0<strong>smegen\u0173 apr\u016bpinim\u0105 deguonimi<\/strong>.<\/p>\n<p style=\"font-weight: 400;\">Jutiklis yra\u00a0<strong>paprastai \u012fdedamas \u012f aus\u012f<\/strong>, tod\u0117l medicinos personalas gali greitai prad\u0117ti paciento steb\u0117jim\u0105\u00a0<strong>be papildomo judinimo ar atidengimo<\/strong>.<\/p>\n<p style=\"font-weight: 400;\">Vieno paciento duomenys gali b\u016bti siun\u010diami\u00a0<strong>\u012f kelis prietaisus vienu metu<\/strong>, tod\u0117l j\u012f gali steb\u0117ti\u00a0<strong>keli gydytojai ar gelb\u0117jimo specialistai<\/strong>. Tai itin svarbu, kai pacientas perduodamas kitam sveikatos prie\u017ei\u016bros paslaug\u0173 teik\u0117jui arba esant kritin\u0117ms situacijoms.<\/p>\n<p style=\"font-weight: 400;\">Kadangi jutiklis veikia\u00a0<strong>belaid\u017eiu ry\u0161iu<\/strong>, nereikia vargti su laidais. Jis puikiai tinka naudoti\u00a0<strong>siaurose erdv\u0117se, transportuojant pacientus oru ar situacijose, kur laidai trukdyt\u0173 darbui<\/strong>.<\/p>\n<p style=\"font-weight: 400;\">Naudojama\u00a0<strong>pa\u017eangi belaid\u017eio ry\u0161io technologija<\/strong>, leid\u017eianti perduoti duomenis\u00a0<strong>realiuoju laiku<\/strong>, net jei n\u0117ra\u00a0<strong>interneto prieigos<\/strong>.<\/p>\n<p style=\"font-weight: 400;\"><strong>Technin\u0117s charakteristikos:<\/strong><\/p>\n<ul style=\"font-weight: 400;\">\n<li><strong>Dydis ir svoris:<\/strong>\u00a05.5 cm | 6.5 g<\/li>\n<li><strong>Matuojami parametrai:<\/strong>\u00a0SpO2, k\u016bno temperat\u016bra, \u0161irdies ritmas<\/li>\n<li><strong>Papildomi duomenys:<\/strong>\u00a0Perfuzijos indeksas, kokyb\u0117s rodiklis, pulso banga<\/li>\n<li><strong>Darbin\u0117 temperat\u016bra:<\/strong>\u00a00-50\u00b0C<\/li>\n<li><strong>Baterijos veikimo trukm\u0117:<\/strong>\u00a0<strong>12 valand\u0173 nepertraukiamo veikimo<\/strong><\/li>\n<li><strong>Sertifikatai:<\/strong>\u00a0<strong>CE, FCC, BLE<\/strong><\/li>\n<\/ul>\n","protected":false},"excerpt":{"rendered":"<p>&nbsp;<\/p>\n<p><a href=\"https:\/\/artzena.eu\/wp-content\/uploads\/2024\/12\/COS_SellSheet_Mobile-Patient-Monitoring_EN_XXXX_V01.pdf\">Produkto specifikacijos dokumentas<\/a><\/p>\n<p><a href=\"https:\/\/artzena.eu\/wp-content\/uploads\/2024\/12\/cosinuss_brochure_Remote-Patient-Monitoring.pdf\" target=\"_blank\" rel=\"noopener\">Bro\u0161i\u016bra<\/a><\/p>\n","protected":false},"featured_media":20746,"template":"","meta":{"_acf_changed":false},"product_brand":[],"product_cat":[68,82],"product_tag":[],"class_list":{"0":"post-20540","1":"product","2":"type-product","3":"status-publish","4":"has-post-thumbnail","6":"product_cat-hipotermija","7":"product_cat-pagalbines-gydymo-priemones-lt","9":"first","10":"instock","11":"shipping-taxable","12":"product-type-simple"},"acf":[],"_links":{"self":[{"href":"https:\/\/artzena.eu\/lt\/wp-json\/wp\/v2\/product\/20540","targetHints":{"allow":["GET"]}}],"collection":[{"href":"https:\/\/artzena.eu\/lt\/wp-json\/wp\/v2\/product"}],"about":[{"href":"https:\/\/artzena.eu\/lt\/wp-json\/wp\/v2\/types\/product"}],"wp:featuredmedia":[{"embeddable":true,"href":"https:\/\/artzena.eu\/lt\/wp-json\/wp\/v2\/media\/20746"}],"wp:attachment":[{"href":"https:\/\/artzena.eu\/lt\/wp-json\/wp\/v2\/media?parent=20540"}],"wp:term":[{"taxonomy":"product_brand","embeddable":true,"href":"https:\/\/artzena.eu\/lt\/wp-json\/wp\/v2\/product_brand?post=20540"},{"taxonomy":"product_cat","embeddable":true,"href":"https:\/\/artzena.eu\/lt\/wp-json\/wp\/v2\/product_cat?post=20540"},{"taxonomy":"product_tag","embeddable":true,"href":"https:\/\/artzena.eu\/lt\/wp-json\/wp\/v2\/product_tag?post=20540"}],"curies":[{"name":"wp","href":"https:\/\/api.w.org\/{rel}","templated":true}]}}