{"id":20571,"date":"2025-01-22T11:32:38","date_gmt":"2025-01-22T11:32:38","guid":{"rendered":"https:\/\/artzena.eu\/?post_type=product&#038;p=20571"},"modified":"2025-01-22T11:32:38","modified_gmt":"2025-01-22T11:32:38","slug":"mokomasis-kraujavimo-stabdymo-rinkinys","status":"publish","type":"product","link":"https:\/\/artzena.eu\/lt\/product\/mokomasis-kraujavimo-stabdymo-rinkinys\/","title":{"rendered":"Mokomasis Kraujavimo Stabdymo Rinkinys"},"content":{"rendered":"<p style=\"font-weight: 400;\">Mokomasis kraujavimo stabdymo rinkinys skirtas pirmosios pagalbos specialist\u0173, gelb\u0117toj\u0173 bei medicinos personalo mokymams. \u0160is rinkinys padeda \u012fgyti praktinius \u012fg\u016bd\u017eius stabdant gyvybei pavojing\u0105 kraujavim\u0105.<\/p>\n<p style=\"font-weight: 400;\">Rinkin\u012f sudaro:<\/p>\n<ul style=\"font-weight: 400;\">\n<li>SAM XT m\u0117lynas turniketas (1vnt)<\/li>\n<li>SICH\u00a0\u00a0m\u0117lynas turniketas (1vnt)<\/li>\n<li>C-A-T Gen 7 m\u0117lynas turniketas (1vnt)<\/li>\n<li>Mokomasis tvarstis QuikClot Combat Gauze Moulage Trainer\u00a0(3vnt)<\/li>\n<\/ul>\n","protected":false},"excerpt":{"rendered":"<p>Mokomasis kraujavimo stabdymo rinkinys skirtas pirmosios pagalbos specialist\u0173, gelb\u0117toj\u0173 bei medicinos personalo mokymams. \u0160is rinkinys padeda \u012fgyti praktinius \u012fg\u016bd\u017eius stabdant gyvybei pavojing\u0105 kraujavim\u0105. Rinkin\u012f sudaro: SAM XT m\u0117lynas turniketas (1vnt) SICH\u00a0\u00a0m\u0117lynas turniketas (1vnt) C-A-T Gen 7 m\u0117lynas turniketas (1vnt) Mokomasis tvarstis QuikClot Combat Gauze Moulage Trainer\u00a0(3vnt)<\/p>\n","protected":false},"featured_media":20572,"template":"","meta":{"_acf_changed":false},"product_brand":[],"product_cat":[69],"product_tag":[],"class_list":{"0":"post-20571","1":"product","2":"type-product","3":"status-publish","4":"has-post-thumbnail","6":"product_cat-pirmosios-pagalbos-rinkiniai","8":"first","9":"instock","10":"shipping-taxable","11":"product-type-simple"},"acf":[],"_links":{"self":[{"href":"https:\/\/artzena.eu\/lt\/wp-json\/wp\/v2\/product\/20571","targetHints":{"allow":["GET"]}}],"collection":[{"href":"https:\/\/artzena.eu\/lt\/wp-json\/wp\/v2\/product"}],"about":[{"href":"https:\/\/artzena.eu\/lt\/wp-json\/wp\/v2\/types\/product"}],"wp:featuredmedia":[{"embeddable":true,"href":"https:\/\/artzena.eu\/lt\/wp-json\/wp\/v2\/media\/20572"}],"wp:attachment":[{"href":"https:\/\/artzena.eu\/lt\/wp-json\/wp\/v2\/media?parent=20571"}],"wp:term":[{"taxonomy":"product_brand","embeddable":true,"href":"https:\/\/artzena.eu\/lt\/wp-json\/wp\/v2\/product_brand?post=20571"},{"taxonomy":"product_cat","embeddable":true,"href":"https:\/\/artzena.eu\/lt\/wp-json\/wp\/v2\/product_cat?post=20571"},{"taxonomy":"product_tag","embeddable":true,"href":"https:\/\/artzena.eu\/lt\/wp-json\/wp\/v2\/product_tag?post=20571"}],"curies":[{"name":"wp","href":"https:\/\/api.w.org\/{rel}","templated":true}]}}