{"id":20616,"date":"2025-08-12T08:08:12","date_gmt":"2025-08-12T08:08:12","guid":{"rendered":"https:\/\/artzena.eu\/?post_type=product&#038;p=20616"},"modified":"2025-08-12T09:43:42","modified_gmt":"2025-08-12T09:43:42","slug":"xflamm-defender","status":"publish","type":"product","link":"https:\/\/artzena.eu\/lt\/product\/xflamm-defender\/","title":{"rendered":"XFLAMM DEFENDER"},"content":{"rendered":"<p style=\"font-weight: 400;\">Gaisr\u0173 gesinimas reikalauja tikslumo, efektyvumo ir aplinkosaugos. <b><strong>\u201eXFlamm DEFENDER\u201c<\/strong><\/b> yra revoliucinis produktas, kuris sujungia visus \u0161iuos elementus ir nustato naujus saugos ir efektyvumo standartus prie\u0161gaisrin\u0117je saugoje.<\/p>\n<p style=\"font-weight: 400;\">\u201eXFlamm DEFENDER\u201c yra unikalus, <b><strong>vandens pagrindu sukurtas gesinimo agentas<\/strong><\/b>, kuris i\u0161laiko visas geriausias vandens savybes, ta\u010diau yra papildytas pa\u017eangia veikli\u0173j\u0173 med\u017eiag\u0173 formule, suteikian\u010dia neprilygstam\u0105 atsparum\u0105 ugniai.<\/p>\n<p style=\"font-weight: 400;\"><b><strong>Pagrindiniai \u201eXFlamm DEFENDER\u201c privalumai:<\/strong><\/b><\/p>\n<ul style=\"font-weight: 400;\">\n<li><b><strong>Efektyvumas:<\/strong><\/b>\u00a0\u201eXFlamm DEFENDER\u201c yra\u00a0<b><strong>150 % efektyvesn\u0117<\/strong><\/b>\u00a0u\u017e tradicinius miltelinius gesintuvus ir net\u00a0<b><strong>4 kartus veiksmingesn\u0117<\/strong><\/b>\u00a0u\u017e kitas netoksi\u0161kas gesinimo priemones, esan\u010dias rinkoje.<\/li>\n<\/ul>\n<ul style=\"font-weight: 400;\">\n<li><b><strong>Moksliniai tyrimai:<\/strong><\/b>\u00a0Drezdeno prie\u0161gaisrin\u0117s saugos bandym\u0173 centre (MPA) atlikti tyrimai \u012frod\u0117, kad\u00a0<b><strong>43A dyd\u017eio gaisras gali b\u016bti u\u017egesintas naudojant vos 6 litrus<\/strong><\/b>\u00a0\u201eXFlamm DEFENDER\u201c gesinimo priemon\u0117s. Tai naujas rekordas ir \u012fsp\u016bdingas pasiekimas gaisr\u0173 gesinimo srityje.<\/li>\n<\/ul>\n<ul style=\"font-weight: 400;\">\n<li><b><strong>Ekologija:<\/strong><\/b>\u00a0\u201eXFlamm DEFENDER\u201c yra netoksi\u0161ka ir aplinkai draugi\u0161ka priemon\u0117, kuri nesukelia antrin\u0117s tar\u0161os \u2013 po gesinimo nesusidaro milteli\u0173 liku\u010di\u0173, kurie gal\u0117t\u0173 u\u017eter\u0161ti aplink\u0105.<\/li>\n<\/ul>\n<ul style=\"font-weight: 400;\">\n<li><b><strong>Patogumas:<\/strong><\/b>\u00a0\u0160i\u0105 priemon\u0119 galima naudoti su bet kokiu gesinimo \u012frenginiu, ir ji yra tokia pat lengvai naudojama kaip paprastas vanduo. Ta\u010diau efektyvumas ir geb\u0117jimas u\u017egesinti ugn\u012f yra daug didesnis.<\/li>\n<\/ul>\n<p style=\"font-weight: 400;\">\u201eXFlamm DEFENDER\u201c u\u017etikrina, kad j\u016bs\u0173 prie\u0161gaisrin\u0117 sistema veikt\u0173 ne tik greitai, bet ir efektyviai, suma\u017einant gesinimo med\u017eiag\u0173 s\u0105naudas ir laik\u0105. Po gaisro pavir\u0161iai lieka \u0161var\u016bs ir be nuos\u0117d\u0173, tod\u0117l ma\u017einamos papildomos atk\u016brimo i\u0161laidos.<\/p>\n<p style=\"font-weight: 400;\">Tai sprendimas, kuris leid\u017eia ne tik greitai ir efektyviai gesinti ugn\u012f, bet ir saugo aplink\u0105, \u017emones ir turt\u0105. Jei siekiate patikimos ir tvarios gaisrin\u0117s saugos, \u201eXFlamm DEFENDER\u201c yra geriausias pasirinkimas.<\/p>\n<p style=\"font-weight: 400;\"><b><strong>Parduodamas \u012fvairiais kiekiais pagal poreik\u012f.\u00a0<\/strong><\/b><\/p>\n<p style=\"font-weight: 400;\"><b><strong>Norite i\u0161bandyti? Susisiekite su mumis ir i\u0161bandysite NEMOKAMAI!<\/strong><\/b><\/p>\n","protected":false},"excerpt":{"rendered":"<p style=\"font-weight: 400;\"><strong>XFLAMM DEFENDER \u2013 naujos kartos gaisr\u0173 gesinimo sprendimas, nustatantis naujus standartus<\/strong><\/p>\n","protected":false},"featured_media":20897,"template":"","meta":{"_acf_changed":false},"product_brand":[],"product_cat":[99],"product_tag":[],"class_list":{"0":"post-20616","1":"product","2":"type-product","3":"status-publish","4":"has-post-thumbnail","6":"product_cat-priesgaisrine-sauga","8":"first","9":"instock","10":"shipping-taxable","11":"product-type-simple"},"acf":[],"_links":{"self":[{"href":"https:\/\/artzena.eu\/lt\/wp-json\/wp\/v2\/product\/20616","targetHints":{"allow":["GET"]}}],"collection":[{"href":"https:\/\/artzena.eu\/lt\/wp-json\/wp\/v2\/product"}],"about":[{"href":"https:\/\/artzena.eu\/lt\/wp-json\/wp\/v2\/types\/product"}],"wp:featuredmedia":[{"embeddable":true,"href":"https:\/\/artzena.eu\/lt\/wp-json\/wp\/v2\/media\/20897"}],"wp:attachment":[{"href":"https:\/\/artzena.eu\/lt\/wp-json\/wp\/v2\/media?parent=20616"}],"wp:term":[{"taxonomy":"product_brand","embeddable":true,"href":"https:\/\/artzena.eu\/lt\/wp-json\/wp\/v2\/product_brand?post=20616"},{"taxonomy":"product_cat","embeddable":true,"href":"https:\/\/artzena.eu\/lt\/wp-json\/wp\/v2\/product_cat?post=20616"},{"taxonomy":"product_tag","embeddable":true,"href":"https:\/\/artzena.eu\/lt\/wp-json\/wp\/v2\/product_tag?post=20616"}],"curies":[{"name":"wp","href":"https:\/\/api.w.org\/{rel}","templated":true}]}}