{"id":20623,"date":"2025-08-12T08:34:21","date_gmt":"2025-08-12T08:34:21","guid":{"rendered":"https:\/\/artzena.eu\/?post_type=product&#038;p=20623"},"modified":"2025-08-12T09:42:50","modified_gmt":"2025-08-12T09:42:50","slug":"xflamm-protector","status":"publish","type":"product","link":"https:\/\/artzena.eu\/lt\/product\/xflamm-protector\/","title":{"rendered":"XFLAMM PROTECTOR"},"content":{"rendered":"<p style=\"font-weight: 400;\">Kuriant patikimus ir efektyvius gaisrin\u0117s saugos sprendimus, svarbu ne tik u\u017egesinti gaisr\u0105, bet ir u\u017ekirsti jam keli\u0105. <b><strong>\u201eXFlamm PROTECTOR\u201c<\/strong><\/b> yra auk\u0161\u010diausios kokyb\u0117s impregnavimo priemon\u0117, kuri <b><strong>u\u017etikrina ilgalaik\u0119 apsaug\u0105 nuo ugnies ir suma\u017eina u\u017esidegimo rizik\u0105.<\/strong><\/b><\/p>\n<p style=\"font-weight: 400;\">\u201eXFlamm PROTECTOR\u201c yra sprendimas, kuris padeda u\u017ekirsti keli\u0105 gaisr\u0173 kilimui ir stabdo liepsn\u0173 plitim\u0105. Sukurta naudojant pa\u017eangias technologijas, \u0161i priemon\u0117 suteikia neprilygstam\u0105 efektyvum\u0105, apsaugodama tiek \u017emones, tiek turt\u0105, tiek aplink\u0105.<\/p>\n<p style=\"font-weight: 400;\"><b><strong>Pagrindiniai \u201eXFlamm PROTECTOR\u201c privalumai:<\/strong><\/b><\/p>\n<ul style=\"font-weight: 400;\">\n<li><b><strong>Ilgalaik\u0117 apsauga:<\/strong><\/b>\u00a0\u0160i priemon\u0117 suteikia\u00a0<b><strong>beveik 100 % atsparum\u0105 kibirk\u0161\u010di\u0173 sukeliamam u\u017esidegimui<\/strong><\/b>\u00a0ir\u00a0<b><strong>\u017eymiai atitolina u\u017esidegim\u0105<\/strong><\/b>. \u201eXFlamm PROTECTOR\u201c veikia ilgalaikiai ir efektyviai, tod\u0117l apsauga nuo ugnies trunka ilgiau.<\/li>\n<li><b><strong>Gaisro apkrovos ma\u017einimas:<\/strong><\/b>\u00a0Produktas efektyviai\u00a0<b><strong>suma\u017eina gaisro apkrov\u0105<\/strong><\/b>, kas ypa\u010d svarbu dideliems pastatams ir objektams, kur greitas ir efektyvus gaisro plitimo slopinimas yra b\u016btinas.<\/li>\n<li><b><strong>Apsauga \u012fvairioms med\u017eiagoms:<\/strong><\/b>\u00a0\u201eXFlamm PROTECTOR\u201c gali b\u016bti naudojama \u012fvairiems pavir\u0161iams ir med\u017eiagoms impregnuoti, taip u\u017etikrinant\u00a0<b><strong>ilgalaik\u0119 apsaug\u0105<\/strong><\/b>\u00a0\u012fvairiose pramon\u0117s \u0161akose.<\/li>\n<li><b><strong>Ekologi\u0161kas:<\/strong><\/b>\u00a0\u201eXFlamm PROTECTOR\u201c yra ekologi\u0161kas produktas, kuris nekenkia aplinkai ir \u017emon\u0117ms, tod\u0117l tinka naudoti tiek gyvenamosiose, tiek pramonin\u0117se zonose.<\/li>\n<li><b><strong>Sertifikatai ir standartai:<\/strong><\/b>\u00a0\u0160is produktas atitinka naujausius DIN standartus ir padeda j\u016bs\u0173 gaminiams laikytis \u0161iuolaikini\u0173 saugos reikalavim\u0173.<\/li>\n<\/ul>\n<p style=\"font-weight: 400;\">\u201eXFlamm PROTECTOR\u201c puikiai tinka naudoti <b><strong>pramoniniuose objektuose, tokiuose kaip vie\u0161bu\u010diai, prekybos centrai, sand\u0117liai, logistikos centrai, taip pat transporto srityje, \u012fskaitant oro ir j\u016br\u0173 transport\u0105.<\/strong><\/b> Tai ideali priemon\u0117, norint u\u017etikrinti ilgalaik\u0119 apsaug\u0105 nuo gaisr\u0173 ir padidinti gaisrin\u0117s saugos lyg\u012f.<\/p>\n<p style=\"font-weight: 400;\"><b><strong>Parduodamas \u012fvairiais kiekiais pagal poreik\u012f.\u00a0<\/strong><\/b><\/p>\n<p style=\"font-weight: 400;\"><b><strong>Norite i\u0161bandyti? Susisiekite su mumis ir i\u0161bandysite NEMOKAMAI!<\/strong><\/b><\/p>\n","protected":false},"excerpt":{"rendered":"<p style=\"font-weight: 400;\"><strong>XFLAMM PROTECTOR \u2013 ilgaam\u017e\u0117 apsauga nuo ugnies ir auk\u0161\u010diausios kokyb\u0117s antipireno <\/strong><strong>produktas<\/strong><\/p>\n","protected":false},"featured_media":20895,"template":"","meta":{"_acf_changed":false},"product_brand":[],"product_cat":[99],"product_tag":[],"class_list":{"0":"post-20623","1":"product","2":"type-product","3":"status-publish","4":"has-post-thumbnail","6":"product_cat-priesgaisrine-sauga","8":"first","9":"instock","10":"shipping-taxable","11":"product-type-simple"},"acf":[],"_links":{"self":[{"href":"https:\/\/artzena.eu\/lt\/wp-json\/wp\/v2\/product\/20623","targetHints":{"allow":["GET"]}}],"collection":[{"href":"https:\/\/artzena.eu\/lt\/wp-json\/wp\/v2\/product"}],"about":[{"href":"https:\/\/artzena.eu\/lt\/wp-json\/wp\/v2\/types\/product"}],"wp:featuredmedia":[{"embeddable":true,"href":"https:\/\/artzena.eu\/lt\/wp-json\/wp\/v2\/media\/20895"}],"wp:attachment":[{"href":"https:\/\/artzena.eu\/lt\/wp-json\/wp\/v2\/media?parent=20623"}],"wp:term":[{"taxonomy":"product_brand","embeddable":true,"href":"https:\/\/artzena.eu\/lt\/wp-json\/wp\/v2\/product_brand?post=20623"},{"taxonomy":"product_cat","embeddable":true,"href":"https:\/\/artzena.eu\/lt\/wp-json\/wp\/v2\/product_cat?post=20623"},{"taxonomy":"product_tag","embeddable":true,"href":"https:\/\/artzena.eu\/lt\/wp-json\/wp\/v2\/product_tag?post=20623"}],"curies":[{"name":"wp","href":"https:\/\/api.w.org\/{rel}","templated":true}]}}