{"id":20656,"date":"2025-07-31T10:34:47","date_gmt":"2025-07-31T10:34:47","guid":{"rendered":"https:\/\/artzena.eu\/?post_type=product&#038;p=20656"},"modified":"2025-07-31T10:34:47","modified_gmt":"2025-07-31T10:34:47","slug":"fire-cloak-ev-gaisro-antklode","status":"publish","type":"product","link":"https:\/\/artzena.eu\/lt\/product\/fire-cloak-ev-gaisro-antklode\/","title":{"rendered":"Fire Cloak EV gaisro antklod\u0117"},"content":{"rendered":"<p style=\"font-weight: 400;\"><strong>Fire Cloak EV gaisro antklod\u0117<\/strong>\u00a0yra pa\u017eangiausias gaisro gesinimo b\u016bdas, specialiai sukurtas elektrini\u0173 transporto priemoni\u0173 (EV) gaisr\u0173 gesinimui. Ilgai truk\u0119 tyrimai, bandymai ir tobulinimas leido sukurti auk\u0161\u010diausios kokyb\u0117s produkt\u0105, kuris efektyviai\u00a0<strong>izoliuoja<\/strong>\u00a0EV gaisrus, apsaugodamas \u0161alia esan\u010dius automobilius ir pastatus nuo liepsnos plitimo bei didesn\u0117s \u017ealos.<\/p>\n<p style=\"font-weight: 400;\">Elektrini\u0173 transporto priemoni\u0173 gaisrai kelia ypating\u0105 pavoj\u0173 d\u0117l\u00a0\u0161ilumin\u0117s grandinin\u0117s reakcijos rei\u0161kinio, kai pa\u017eeista ar sugedusi baterijos l\u0105stel\u0117 u\u017esidega ir \u012fplieskia kitas l\u0105steles, suformuodama\u00a0greitai plintant\u012f gaisr\u0105, kurio temperat\u016bra gali vir\u0161yti\u00a01 000\u00b0C. D\u0117l chemini\u0173 reakcij\u0173 tokie gaisrai negali b\u016bti u\u017egesinti \u012fprastais b\u016bdais.\u00a0Fire Cloak\u2122 EV gaisro antklod\u0117 yra efektyvus sprendimas, nes ji\u00a0apriboja deguonies tiekim\u0105, sul\u0117tina degimo proces\u0105 ir padeda kontroliuoti situacij\u0105, kol atvyksta ugniagesiai.<\/p>\n<p style=\"font-weight: 400;\">Skirtingai nei \u012fprastos gaisro antklod\u0117s, Fire Cloak\u2122 pagaminta i\u0161\u00a0<strong>auk\u0161tos technologijos silicio kvarco audinio<\/strong>, padengto\u00a0<strong>ugnies poveikiui atspariu polimeru<\/strong>. \u0160i unikali med\u017eiaga u\u017etikrina\u00a0<strong>itin didel\u012f atsparum\u0105 temperat\u016brai<\/strong>\u00a0ir ilgaam\u017ei\u0161kum\u0105 net esant ekstremalioms s\u0105lygoms.<\/p>\n<p style=\"font-weight: 400;\">Fire Cloak\u2122 EV gaisro antklod\u0117 buvo i\u0161bandyta realiose gaisro situacijose\u00a0ir nepriklausomai sertifikuota pagal\u00a0auk\u0161\u010diausius tarptautinius prie\u0161gaisrinius standartus. Ji yra\u00a0vienintel\u0117 tokio tipo antklod\u0117 pasaulyje, pasiekusi\u00a0CLASS 0 prie\u0161gaisrin\u012f \u012fvertinim\u0105\u00a0pagal\u00a0BS476: 6 ir 7 dalis, kurios nustato liepsnos plitimo bei ugnies sklidimo indeks\u0105.<\/p>\n<p style=\"font-weight: 400;\"><strong>Universal<\/strong><strong>i<\/strong><strong>, patikima ir lengvai naudojama<\/strong><strong>:<\/strong><\/p>\n<ul>\n<li style=\"font-weight: 400;\">Idealiai tinka EV, bet taip pat efektyviai veikia ir benzinini\u0173 bei dyzelini\u0173 automobili\u0173 gaisruose<\/li>\n<li style=\"font-weight: 400;\">Suma\u017eina gesinimui reikalingo vandens kiek\u012f, apribodama u\u017eter\u0161to vandens nutek\u0117jim\u0105<\/li>\n<li style=\"font-weight: 400;\">Neleid\u017eia liepsnai plisti, taip apsaugodama aplinkinius objektus<\/li>\n<li style=\"font-weight: 400;\">Naudojama ugniagesi\u0173 komand\u0173, automobili\u0173 stov\u0117jimo aik\u0161teli\u0173 ir sand\u0117liavimo \u012fmoni\u0173 visame pasaulyje<\/li>\n<\/ul>\n","protected":false},"excerpt":{"rendered":"<p><a href=\"https:\/\/artzena.eu\/wp-content\/uploads\/2025\/03\/Fire-Cloak-Brochure-Web-Nov-23.pdf\">Produkto specifikacijos dokumentas<\/a><\/p>\n[embed]https:\/\/www.youtube.com\/watch?v=n_JINtx08iA[\/embed]\n","protected":false},"featured_media":20659,"template":"","meta":{"_acf_changed":false},"product_brand":[],"product_cat":[99],"product_tag":[],"class_list":{"0":"post-20656","1":"product","2":"type-product","3":"status-publish","4":"has-post-thumbnail","6":"product_cat-priesgaisrine-sauga","8":"first","9":"instock","10":"shipping-taxable","11":"product-type-simple"},"acf":[],"_links":{"self":[{"href":"https:\/\/artzena.eu\/lt\/wp-json\/wp\/v2\/product\/20656","targetHints":{"allow":["GET"]}}],"collection":[{"href":"https:\/\/artzena.eu\/lt\/wp-json\/wp\/v2\/product"}],"about":[{"href":"https:\/\/artzena.eu\/lt\/wp-json\/wp\/v2\/types\/product"}],"wp:featuredmedia":[{"embeddable":true,"href":"https:\/\/artzena.eu\/lt\/wp-json\/wp\/v2\/media\/20659"}],"wp:attachment":[{"href":"https:\/\/artzena.eu\/lt\/wp-json\/wp\/v2\/media?parent=20656"}],"wp:term":[{"taxonomy":"product_brand","embeddable":true,"href":"https:\/\/artzena.eu\/lt\/wp-json\/wp\/v2\/product_brand?post=20656"},{"taxonomy":"product_cat","embeddable":true,"href":"https:\/\/artzena.eu\/lt\/wp-json\/wp\/v2\/product_cat?post=20656"},{"taxonomy":"product_tag","embeddable":true,"href":"https:\/\/artzena.eu\/lt\/wp-json\/wp\/v2\/product_tag?post=20656"}],"curies":[{"name":"wp","href":"https:\/\/api.w.org\/{rel}","templated":true}]}}