{"id":20698,"date":"2025-04-16T09:03:15","date_gmt":"2025-04-16T09:03:15","guid":{"rendered":"https:\/\/artzena.eu\/?post_type=product&#038;p=20698"},"modified":"2025-04-16T09:05:57","modified_gmt":"2025-04-16T09:05:57","slug":"nasosafe-nazofaringinis-vamzdelis","status":"publish","type":"product","link":"https:\/\/artzena.eu\/lt\/product\/nasosafe-nazofaringinis-vamzdelis\/","title":{"rendered":"NasoSafe nazofaringinis vamzdelis"},"content":{"rendered":"<p><b>NasoSafe nozofaringiniai\u00a0<\/b><b>vamzdeliai<\/b>\u00a0\u2013 tai inovatyv\u016bs kv\u0117pavimo tak\u0173 palaikymo prietaisai su patentuota pasukama apsaugine ranken\u0117le, kuri suma\u017eina vamzdelio \u012ftraukimo \u012f nosiarykl\u0119 rizik\u0105 ir u\u017etikrina maksimal\u0173 paciento komfort\u0105.<\/p>\n<p><b>Pasukama apsaugin\u0117 ranken\u0117l\u0117<\/b><span lang=\"lt\" xml:lang=\"lt\"> tai s<\/span>peciali konstrukcija neleid\u017eianti NasoSafe nosiarykl\u0117s vamzdeliui nepageidaujamai prasiskverbti \u012f kv\u0117pavimo takus.<\/p>\n<p>Apval\u016bs, \u0161veln\u016bs kra\u0161tai ir kampuotas pj\u016bvis padeda suma\u017einti paciento audini\u0173 pa\u017eeidimo rizik\u0105.<\/p>\n<p><strong>Galimi dyd\u017eiai:<\/strong><\/p>\n<ul>\n<li>5.5 mm (26Fr)<\/li>\n<li>6.0 mm (28Fr)<\/li>\n<li>7.0 mm (30Fr)<\/li>\n<\/ul>\n<p><strong>5g Optilube lubrikantas \u012fskai\u010diuotas<\/strong><\/p>\n","protected":false},"excerpt":{"rendered":"<p><strong>Kilm\u0117s \u0161alis: UK<\/strong><\/p>\n","protected":false},"featured_media":20699,"template":"","meta":{"_acf_changed":false},"product_brand":[],"product_cat":[65,64,70],"product_tag":[],"class_list":{"0":"post-20698","1":"product","2":"type-product","3":"status-publish","4":"has-post-thumbnail","6":"product_cat-civiliai","7":"product_cat-kariuomene","8":"product_cat-kvepavimo-takai","10":"first","11":"instock","12":"shipping-taxable","13":"product-type-simple"},"acf":[],"_links":{"self":[{"href":"https:\/\/artzena.eu\/lt\/wp-json\/wp\/v2\/product\/20698","targetHints":{"allow":["GET"]}}],"collection":[{"href":"https:\/\/artzena.eu\/lt\/wp-json\/wp\/v2\/product"}],"about":[{"href":"https:\/\/artzena.eu\/lt\/wp-json\/wp\/v2\/types\/product"}],"wp:featuredmedia":[{"embeddable":true,"href":"https:\/\/artzena.eu\/lt\/wp-json\/wp\/v2\/media\/20699"}],"wp:attachment":[{"href":"https:\/\/artzena.eu\/lt\/wp-json\/wp\/v2\/media?parent=20698"}],"wp:term":[{"taxonomy":"product_brand","embeddable":true,"href":"https:\/\/artzena.eu\/lt\/wp-json\/wp\/v2\/product_brand?post=20698"},{"taxonomy":"product_cat","embeddable":true,"href":"https:\/\/artzena.eu\/lt\/wp-json\/wp\/v2\/product_cat?post=20698"},{"taxonomy":"product_tag","embeddable":true,"href":"https:\/\/artzena.eu\/lt\/wp-json\/wp\/v2\/product_tag?post=20698"}],"curies":[{"name":"wp","href":"https:\/\/api.w.org\/{rel}","templated":true}]}}