{"id":20767,"date":"2025-08-12T07:53:49","date_gmt":"2025-08-12T07:53:49","guid":{"rendered":"https:\/\/artzena.eu\/?post_type=product&#038;p=20767"},"modified":"2025-08-13T05:54:09","modified_gmt":"2025-08-13T05:54:09","slug":"fss-ugnies-gesintuvas","status":"publish","type":"product","link":"https:\/\/artzena.eu\/lt\/product\/fss-ugnies-gesintuvas\/","title":{"rendered":"FSS UGNIES GESINTUVAS"},"content":{"rendered":"<p><strong>FSS \u2013 tai rankinis, aerozolio pagrindu veikiantis gesintuvas<\/strong>, pasi\u017eymintis puikiomis gesinimo savyb\u0117mis. Jis yra <strong>netoksi\u0161kas, nekorozinis ir draugi\u0161kas aplinkai.<\/strong> D\u0117l savo kompakti\u0161kumo ir veiksmingumo tinka <strong>naudoti tiek buityje, tiek transporto priemon\u0117se, dirbtuv\u0117se, biuruose ar pramonin\u0117je aplinkoje<\/strong>.<\/p>\n<p><img fetchpriority=\"high\" decoding=\"async\" src=\"https:\/\/artzena.lt\/img\/cms\/Screenshot%20(18).png\" alt=\"\" width=\"895\" height=\"215\" \/><\/p>\n<p><b>Modeliai ir technin\u0117s savyb\u0117s<\/b><\/p>\n<ul>\n<li><b>Profesionaliam naudojimui (modelis \u2013 50 sek.):<\/b><br \/>\nGesinimo trukm\u0117: 50 sek.<br \/>\nIlgis: 25,9 cm<br \/>\nSkersmuo: 3,3 cm<br \/>\nSvoris: 215 g<\/li>\n<\/ul>\n<p><b>\u00a0<img decoding=\"async\" src=\"https:\/\/artzena.lt\/img\/cms\/Screenshot%20(17).png\" alt=\"\" width=\"86\" height=\"382\" \/><\/b><\/p>\n<ul>\n<li><b>Profesionaliam naudojimui su prailginta rankena (naujas modelis \u2013 50 sek.):<\/b><br \/>\nGesinimo trukm\u0117: 50 sek.<br \/>\nIlgis: 26,7 cm<br \/>\nSkersmuo: 4,0 cm<\/li>\n<\/ul>\n<p>&nbsp;<\/p>\n<p><img decoding=\"async\" src=\"https:\/\/artzena.lt\/img\/cms\/Screenshot%20(16).png\" alt=\"\" width=\"71\" height=\"334\" \/><\/p>\n<ul>\n<li><b>Pramoniniam naudojimui (modelis \u2013 100 sek.):<\/b><br \/>\nGesinimo trukm\u0117: 100 sek.<br \/>\nIlgis: 31 cm<br \/>\nSkersmuo: 4,0 cm<br \/>\nSvoris: 365 g<\/li>\n<\/ul>\n<p><img loading=\"lazy\" decoding=\"async\" src=\"https:\/\/artzena.lt\/img\/cms\/Screenshot%20(15).png\" alt=\"\" width=\"78\" height=\"369\" \/><\/p>\n<p>&nbsp;<\/p>\n<p><b>FSS Savyb\u0117s ir privalumai<\/b><\/p>\n<ul>\n<li>Tinka vis\u0173 tip\u0173 gaisrams: A (kietosios med\u017eiagos), B (skys\u010diai), C (dujos), F ir K (aliejai ir riebalai), elektros \u012franga iki 1000 V<\/li>\n<li>Nelieka joki\u0173 liku\u010di\u0173 po naudojimo<\/li>\n<li>Nereikia technin\u0117s prie\u017ei\u016bros, pildymo ar patikrinim\u0173<\/li>\n<li>Lengvas, kompakti\u0161kas, patogus laikyti<\/li>\n<li>Naudojimas nesud\u0117tingas \u2013 gesintuvas aktyvuojamas rankiniu b\u016bdu, srov\u0117 nukreipiama \u012f ugnies \u017eidin\u012f<\/li>\n<li>Neeksploatuojamas sl\u0117giu \u2013 saugus laikyti bet kurioje vietoje<\/li>\n<li>3 met\u0173 garantija<\/li>\n<li>Tarptautiniai patentai<\/li>\n<li>Draugi\u0161kas aplinkai<\/li>\n<li>Gamintojo \u0161alis: Italija<\/li>\n<\/ul>\n","protected":false},"excerpt":{"rendered":"<p><a href=\"https:\/\/artzena.eu\/wp-content\/uploads\/2025\/06\/cY5Hce-FSS_Technical_data_Device_description_and_operation_23.pdf\">Produkto specifikacijos dokumentas<\/a><\/p>\n<p>https:\/\/www.youtube.com\/watch?v=TQyxT9Ru3K0<\/p>\n<p>&nbsp;<\/p>\n","protected":false},"featured_media":20900,"template":"","meta":{"_acf_changed":false},"product_brand":[],"product_cat":[99],"product_tag":[],"class_list":{"0":"post-20767","1":"product","2":"type-product","3":"status-publish","4":"has-post-thumbnail","6":"product_cat-priesgaisrine-sauga","8":"first","9":"instock","10":"shipping-taxable","11":"product-type-simple"},"acf":[],"_links":{"self":[{"href":"https:\/\/artzena.eu\/lt\/wp-json\/wp\/v2\/product\/20767","targetHints":{"allow":["GET"]}}],"collection":[{"href":"https:\/\/artzena.eu\/lt\/wp-json\/wp\/v2\/product"}],"about":[{"href":"https:\/\/artzena.eu\/lt\/wp-json\/wp\/v2\/types\/product"}],"wp:featuredmedia":[{"embeddable":true,"href":"https:\/\/artzena.eu\/lt\/wp-json\/wp\/v2\/media\/20900"}],"wp:attachment":[{"href":"https:\/\/artzena.eu\/lt\/wp-json\/wp\/v2\/media?parent=20767"}],"wp:term":[{"taxonomy":"product_brand","embeddable":true,"href":"https:\/\/artzena.eu\/lt\/wp-json\/wp\/v2\/product_brand?post=20767"},{"taxonomy":"product_cat","embeddable":true,"href":"https:\/\/artzena.eu\/lt\/wp-json\/wp\/v2\/product_cat?post=20767"},{"taxonomy":"product_tag","embeddable":true,"href":"https:\/\/artzena.eu\/lt\/wp-json\/wp\/v2\/product_tag?post=20767"}],"curies":[{"name":"wp","href":"https:\/\/api.w.org\/{rel}","templated":true}]}}