{"id":20775,"date":"2025-06-23T10:37:20","date_gmt":"2025-06-23T10:37:20","guid":{"rendered":"https:\/\/artzena.eu\/?post_type=product&#038;p=20775"},"modified":"2025-07-23T08:06:18","modified_gmt":"2025-07-23T08:06:18","slug":"pirmosios-pagalbos-antklode-sidabrine-auksine","status":"publish","type":"product","link":"https:\/\/artzena.eu\/lt\/product\/pirmosios-pagalbos-antklode-sidabrine-auksine\/","title":{"rendered":"Artzena pirmosios pagalbos antklod\u0117 (sidabrin\u0117-auksin\u0117)"},"content":{"rendered":"<p>Greita apsauga nuo \u0161al\u010dio ir kar\u0161\u010dio. Pirmosios pagalbos antklod\u0117 yra ma\u017ea, kompakti\u0161ka ir labai paprasta naudoti.<\/p>\n<p>Nukent\u0117jusiojo apsauga nuo v\u0117jo ir lietaus.<\/p>\n<p>Puikiai tiks \u012f IFAK ar automobilio vaistin\u0117l\u0119.<\/p>\n<p><b>Produkto specifikacija:<\/b><\/p>\n<p><b>Spalva:<\/b>\u00a0sidabrin\u0117-<span lang=\"lt\" xml:lang=\"lt\">auksin\u0117<\/span><\/p>\n<p><b>Dydis:<\/b>\u00a0160 x 210 cm<\/p>\n<p><b>Naudojimas:<\/b>\u00a0<span lang=\"lt\" xml:lang=\"lt\">auksin\u0117<\/span>\u00a0pus\u0117 i\u0161or\u0117je, sidabrin\u0117 pus\u0117 \u012f vid\u0173 norint apsaugoti nuo \u0161alimo. Sidabrin\u0117 pus\u0117 \u012f vir\u0161\u0173 norint apsaugoti nuo saul\u0117s ar kar\u0161\u010dio.<\/p>\n","protected":false},"excerpt":{"rendered":"<p>Greita apsauga nuo \u0161al\u010dio ir kar\u0161\u010dio. Pirmosios pagalbos antklod\u0117 yra ma\u017ea, kompakti\u0161ka ir labai paprasta naudoti. Nukent\u0117jusiojo apsauga nuo v\u0117jo ir lietaus. Puikiai tiks \u012f IFAK ar automobilio vaistin\u0117l\u0119. Produkto specifikacija: Spalva:\u00a0sidabrin\u0117-auksin\u0117 Dydis:\u00a0160 x 210 cm Naudojimas:\u00a0auksin\u0117\u00a0pus\u0117 i\u0161or\u0117je, sidabrin\u0117 pus\u0117 \u012f vid\u0173 norint apsaugoti nuo \u0161alimo. Sidabrin\u0117 pus\u0117 \u012f vir\u0161\u0173 norint apsaugoti nuo saul\u0117s ar [&hellip;]<\/p>\n","protected":false},"featured_media":20802,"template":"","meta":{"_acf_changed":false},"product_brand":[],"product_cat":[65,68,82,53],"product_tag":[],"class_list":{"0":"post-20775","1":"product","2":"type-product","3":"status-publish","4":"has-post-thumbnail","6":"product_cat-civiliai","7":"product_cat-hipotermija","8":"product_cat-pagalbines-gydymo-priemones-lt","9":"product_cat-pirmoji-pagalba","11":"first","12":"instock","13":"shipping-taxable","14":"product-type-simple"},"acf":[],"_links":{"self":[{"href":"https:\/\/artzena.eu\/lt\/wp-json\/wp\/v2\/product\/20775","targetHints":{"allow":["GET"]}}],"collection":[{"href":"https:\/\/artzena.eu\/lt\/wp-json\/wp\/v2\/product"}],"about":[{"href":"https:\/\/artzena.eu\/lt\/wp-json\/wp\/v2\/types\/product"}],"wp:featuredmedia":[{"embeddable":true,"href":"https:\/\/artzena.eu\/lt\/wp-json\/wp\/v2\/media\/20802"}],"wp:attachment":[{"href":"https:\/\/artzena.eu\/lt\/wp-json\/wp\/v2\/media?parent=20775"}],"wp:term":[{"taxonomy":"product_brand","embeddable":true,"href":"https:\/\/artzena.eu\/lt\/wp-json\/wp\/v2\/product_brand?post=20775"},{"taxonomy":"product_cat","embeddable":true,"href":"https:\/\/artzena.eu\/lt\/wp-json\/wp\/v2\/product_cat?post=20775"},{"taxonomy":"product_tag","embeddable":true,"href":"https:\/\/artzena.eu\/lt\/wp-json\/wp\/v2\/product_tag?post=20775"}],"curies":[{"name":"wp","href":"https:\/\/api.w.org\/{rel}","templated":true}]}}