{"id":20782,"date":"2025-06-25T12:17:16","date_gmt":"2025-06-25T12:17:43","guid":{"rendered":"https:\/\/artzena.eu\/?post_type=product&#038;p=20782"},"modified":"2025-06-25T12:17:43","modified_gmt":"2025-06-25T12:17:43","slug":"artzena-tvarstis-tamponavimui-be-hemostatines-medziagos","status":"publish","type":"product","link":"https:\/\/artzena.eu\/lt\/product\/artzena-tvarstis-tamponavimui-be-hemostatines-medziagos\/","title":{"rendered":"Artzena Tvarstis tamponavimui (be hemostatin\u0117s med\u017eiagos)"},"content":{"rendered":"<p>\u0160is tvarstis \u2013 puikus pasirinkimas greitam ir efektyviam \u017eaizd\u0173 tamponavimui bei tvarstymui. Jis pagamintas i\u0161 auk\u0161tos kokyb\u0117s medviln\u0117s, pasi\u017eymin\u010dios puikiu kraujo sug\u0117rimu ir tvars\u010dio stabilumu. D\u0117l vientisos strukt\u016bros tvarst\u012f lengva i\u0161traukti i\u0161 \u017eaizdos, tod\u0117l jis itin tinkamas naudoti ekstremaliomis s\u0105lygomis.<\/p>\n<p>Tvarstis yra supakuotas steriliai, tvirtoje ir kompakti\u0161koje vakuumin\u0117je pakuot\u0117je, kuri lengvai telpa \u012f IFAK ar kit\u0105 pirmosios pagalbos rinkin\u012f. Pakuot\u0117 turi keturias atidarymo vietas, tod\u0117l j\u0105 galima greitai atpl\u0117\u0161ti i\u0161 bet kurios pus\u0117s \u2013 tai ypa\u010d svarbu kritin\u0117se situacijose.<\/p>\n<p><strong>Technin\u0117 informacija:<\/strong><\/p>\n<p>1.<span style=\"font-stretch: normal; font-size: 7pt; line-height: normal; font-family: 'Times New Roman';\">\u00a0\u00a0\u00a0\u00a0\u00a0<\/span>Sterilus, suspaustas tvarstis \u2013 375 cm x 12 cm, 6 sluoksniai<\/p>\n<p>2.<span style=\"font-stretch: normal; font-size: 7pt; line-height: normal; font-family: 'Times New Roman';\">\u00a0\u00a0\u00a0\u00a0\u00a0<\/span>Kompakti\u0161ka vakuumin\u0117 pakuot\u0117<\/p>\n<p>3.<span style=\"font-stretch: normal; font-size: 7pt; line-height: normal; font-family: 'Times New Roman';\">\u00a0\u00a0\u00a0\u00a0\u00a0<\/span>Keturi\u0173 atidarymo ta\u0161k\u0173 sistema greitam naudojimui<\/p>\n<p>4.<span style=\"font-stretch: normal; font-size: 7pt; line-height: normal; font-family: 'Times New Roman';\">\u00a0\u00a0\u00a0\u00a0\u00a0<\/span>IIa klas\u0117s<\/p>\n","protected":false},"excerpt":{"rendered":"<p>\u0160is tvarstis \u2013 puikus pasirinkimas greitam ir efektyviam \u017eaizd\u0173 tamponavimui bei tvarstymui. Jis pagamintas i\u0161 auk\u0161tos kokyb\u0117s medviln\u0117s, pasi\u017eymin\u010dios puikiu kraujo sug\u0117rimu ir tvars\u010dio stabilumu. D\u0117l vientisos strukt\u016bros tvarst\u012f lengva i\u0161traukti i\u0161 \u017eaizdos, tod\u0117l jis itin tinkamas naudoti ekstremaliomis s\u0105lygomis. Tvarstis yra supakuotas steriliai, tvirtoje ir kompakti\u0161koje vakuumin\u0117je pakuot\u0117je, kuri lengvai telpa \u012f IFAK ar [&hellip;]<\/p>\n","protected":false},"featured_media":20783,"template":"","meta":{"_acf_changed":false},"product_brand":[],"product_cat":[65,64,66],"product_tag":[],"class_list":{"0":"post-20782","1":"product","2":"type-product","3":"status-publish","4":"has-post-thumbnail","6":"product_cat-civiliai","7":"product_cat-kariuomene","8":"product_cat-turniketai","10":"first","11":"instock","12":"shipping-taxable","13":"product-type-simple"},"acf":[],"_links":{"self":[{"href":"https:\/\/artzena.eu\/lt\/wp-json\/wp\/v2\/product\/20782","targetHints":{"allow":["GET"]}}],"collection":[{"href":"https:\/\/artzena.eu\/lt\/wp-json\/wp\/v2\/product"}],"about":[{"href":"https:\/\/artzena.eu\/lt\/wp-json\/wp\/v2\/types\/product"}],"wp:featuredmedia":[{"embeddable":true,"href":"https:\/\/artzena.eu\/lt\/wp-json\/wp\/v2\/media\/20783"}],"wp:attachment":[{"href":"https:\/\/artzena.eu\/lt\/wp-json\/wp\/v2\/media?parent=20782"}],"wp:term":[{"taxonomy":"product_brand","embeddable":true,"href":"https:\/\/artzena.eu\/lt\/wp-json\/wp\/v2\/product_brand?post=20782"},{"taxonomy":"product_cat","embeddable":true,"href":"https:\/\/artzena.eu\/lt\/wp-json\/wp\/v2\/product_cat?post=20782"},{"taxonomy":"product_tag","embeddable":true,"href":"https:\/\/artzena.eu\/lt\/wp-json\/wp\/v2\/product_tag?post=20782"}],"curies":[{"name":"wp","href":"https:\/\/api.w.org\/{rel}","templated":true}]}}