{"id":20786,"date":"2025-06-25T12:26:48","date_gmt":"2025-06-25T12:26:48","guid":{"rendered":"https:\/\/artzena.eu\/?post_type=product&#038;p=20786"},"modified":"2025-07-23T08:04:02","modified_gmt":"2025-07-23T08:04:02","slug":"artzena-pirmosios-pagalbos-antklode-sidabrine-zalia","status":"publish","type":"product","link":"https:\/\/artzena.eu\/lt\/product\/artzena-pirmosios-pagalbos-antklode-sidabrine-zalia\/","title":{"rendered":"Artzena pirmosios pagalbos antklod\u0117 (sidabrin\u0117-\u017ealia)"},"content":{"rendered":"<p>Greita apsauga nuo \u0161al\u010dio ir kar\u0161\u010dio. Pirmosios pagalbos antklod\u0117 yra ma\u017ea, kompakti\u0161ka ir labai paprasta naudoti. Puikiai tiks papildyti j\u016bs\u0173 IFAK turin\u012f.<\/p>\n<p>Taip pat galima naudoti ir apsaugoti nukent\u0117jus\u012fj\u012f nuo v\u0117jo ar lietaus.<\/p>\n<p><strong>Produkto specifikacija:<\/strong><\/p>\n<p><strong>Spalva:<\/strong>\u00a0sidabrin\u0117-\u017ealia<\/p>\n<p><strong>Dydis:<\/strong>\u00a0160 x 210 cm<\/p>\n<p><strong>Naudojimas:<\/strong>\u00a0\u017ealia pus\u0117 i\u0161or\u0117je, sidabrin\u0117 pus\u0117 \u012f vid\u0173 norint apsaugoti nuo \u0161alimo. Sidabrin\u0117 pus\u0117 \u012f vir\u0161\u0173 norint apsaugoti nuo saul\u0117s ar kar\u0161\u010dio.<\/p>\n","protected":false},"excerpt":{"rendered":"<p>Greita apsauga nuo \u0161al\u010dio ir kar\u0161\u010dio. Pirmosios pagalbos antklod\u0117 yra ma\u017ea, kompakti\u0161ka ir labai paprasta naudoti. Puikiai tiks papildyti j\u016bs\u0173 IFAK turin\u012f. Taip pat galima naudoti ir apsaugoti nukent\u0117jus\u012fj\u012f nuo v\u0117jo ar lietaus. Produkto specifikacija: Spalva:\u00a0sidabrin\u0117-\u017ealia Dydis:\u00a0160 x 210 cm Naudojimas:\u00a0\u017ealia pus\u0117 i\u0161or\u0117je, sidabrin\u0117 pus\u0117 \u012f vid\u0173 norint apsaugoti nuo \u0161alimo. Sidabrin\u0117 pus\u0117 \u012f vir\u0161\u0173 [&hellip;]<\/p>\n","protected":false},"featured_media":20799,"template":"","meta":{"_acf_changed":false},"product_brand":[],"product_cat":[65,68,64,53],"product_tag":[],"class_list":{"0":"post-20786","1":"product","2":"type-product","3":"status-publish","4":"has-post-thumbnail","6":"product_cat-civiliai","7":"product_cat-hipotermija","8":"product_cat-kariuomene","9":"product_cat-pirmoji-pagalba","11":"first","12":"instock","13":"shipping-taxable","14":"product-type-simple"},"acf":[],"_links":{"self":[{"href":"https:\/\/artzena.eu\/lt\/wp-json\/wp\/v2\/product\/20786","targetHints":{"allow":["GET"]}}],"collection":[{"href":"https:\/\/artzena.eu\/lt\/wp-json\/wp\/v2\/product"}],"about":[{"href":"https:\/\/artzena.eu\/lt\/wp-json\/wp\/v2\/types\/product"}],"wp:featuredmedia":[{"embeddable":true,"href":"https:\/\/artzena.eu\/lt\/wp-json\/wp\/v2\/media\/20799"}],"wp:attachment":[{"href":"https:\/\/artzena.eu\/lt\/wp-json\/wp\/v2\/media?parent=20786"}],"wp:term":[{"taxonomy":"product_brand","embeddable":true,"href":"https:\/\/artzena.eu\/lt\/wp-json\/wp\/v2\/product_brand?post=20786"},{"taxonomy":"product_cat","embeddable":true,"href":"https:\/\/artzena.eu\/lt\/wp-json\/wp\/v2\/product_cat?post=20786"},{"taxonomy":"product_tag","embeddable":true,"href":"https:\/\/artzena.eu\/lt\/wp-json\/wp\/v2\/product_tag?post=20786"}],"curies":[{"name":"wp","href":"https:\/\/api.w.org\/{rel}","templated":true}]}}